{"id":1029,"date":"2025-09-02T09:10:13","date_gmt":"2025-09-02T09:10:13","guid":{"rendered":"https:\/\/cdelacontrol.ro\/?page_id=1029"},"modified":"2025-09-02T09:13:37","modified_gmt":"2025-09-02T09:13:37","slug":"declaratia-roche-privind-accesibilitatea","status":"publish","type":"page","link":"https:\/\/cdelacontrol.ro\/index.php\/declaratia-roche-privind-accesibilitatea\/","title":{"rendered":"Declara\u021bia Roche privind accesibilitatea"},"content":{"rendered":"\t\t<div data-elementor-type=\"wp-page\" data-elementor-id=\"1029\" class=\"elementor elementor-1029\">\n\t\t\t\t<div class=\"elementor-element elementor-element-d71bacc e-flex e-con-boxed e-con e-parent\" data-id=\"d71bacc\" data-element_type=\"container\" data-settings=\"{&quot;background_background&quot;:&quot;classic&quot;}\">\n\t\t\t\t\t<div class=\"e-con-inner\">\n\t\t\t\t<div class=\"elementor-element elementor-element-749f6cc elementor-widget elementor-widget-text-editor\" data-id=\"749f6cc\" data-element_type=\"widget\" data-widget_type=\"text-editor.default\">\n\t\t\t\t<div class=\"elementor-widget-container\">\n\t\t\t\t\t\t\t\t\t<h1><b>Declara\u021bia Roche privind accesibilitatea<\/b><\/h1><p>\u00a0<\/p><h2><b>Angajamentul nostru<\/b><\/h2><p><span style=\"font-weight: 400;\">La Roche, ne-am luat angajamentul de a ne asigura c\u0103 site-urile noastre web \u0219i resursele noastre digitale sunt accesibile tuturor utilizatorilor. Recunoa\u0219tem c\u0103 ob\u021binerea accesibilit\u0103\u021bii complete este o c\u0103l\u0103torie continu\u0103 \u0219i lucr\u0103m activ pentru a \u00eembun\u0103t\u0103\u021bi accesibilitatea acestui site web, precum \u0219i pentru a implementa schimb\u0103ri la nivelul \u00eentregii organiza\u021bii pentru a \u00eembun\u0103t\u0103\u021bi utilitatea \u0219i incluziunea tuturor punctelor noastre de contact digitale.<\/span><\/p><h2><b>Standarde \u0219i linii directoare<\/b><\/h2><p><span style=\"font-weight: 400;\">Obiectivul nostru pentru conformitate sunt Liniile directoare privind accesibilitatea con\u021binutului web (Web Content Accessibility Guidelines, WCAG) 2.2, Nivelurile A \u0219i AA, care sunt recunoscute ca standard interna\u021bional pentru accesibilitatea web. Aceste linii directoare stabilesc standardul pentru a face con\u021binutul web accesibil tuturor. Tehnologiile noastre sunt par\u021bial conforme, ceea ce \u00eenseamn\u0103 c\u0103 unele p\u0103r\u021bi nu sunt pe deplin conforme cu standardul de accesibilitate.<\/span><\/p><h2><b>Eforturi continue<\/b><\/h2><p><span style=\"font-weight: 400;\">\u00cen prezent trecem prin schimb\u0103ri semnificative pentru a ne asigura c\u0103 serviciile noastre digitale \u0219i con\u021binutul sunt accesibile tuturor, inclusiv:<\/span><\/p><ul><li style=\"font-weight: 400;\" aria-level=\"1\"><b>Modific\u0103ri ale politicii<\/b><span style=\"font-weight: 400;\">: Implement\u0103m noi politici \u0219i modific\u0103ri ale procesului la toate nivelurile organiza\u021biei noastre pentru a sus\u021bine accesibilitatea.<\/span><\/li><li style=\"font-weight: 400;\" aria-level=\"1\"><b>Audituri \u0219i remedieri regulate<\/b><span style=\"font-weight: 400;\">: Test\u0103m \u00een mod regulat site-ul nostru web utiliz\u00e2nd instrumente automate \u0219i evalu\u0103ri manuale pentru a identifica problemele de accesibilitate \u0219i pentru a prioritiza remedierea acestora.<\/span><\/li><li style=\"font-weight: 400;\" aria-level=\"1\"><b>Feedback \u0219i testare din partea utilizatorului<\/b><span style=\"font-weight: 400;\">: Solicit\u0103m \u00een mod activ feedback de la utilizatorii cu dizabilit\u0103\u021bi pentru a ne informa cu privire la \u00eembun\u0103t\u0103\u021birile privind accesibilitatea \u0219i pentru a valida modific\u0103rile.<\/span><\/li><li style=\"font-weight: 400;\" aria-level=\"1\"><b>Verificare prin intermediul ter\u021bilor<\/b><span style=\"font-weight: 400;\">: Nu ne baz\u0103m doar pe propria noastr\u0103 expertiz\u0103, ci colabor\u0103m cu exper\u021bi ter\u021bi \u00een accesibilitate pentru a ne confirma \u0219i a verifica eforturile.<\/span><\/li><li style=\"font-weight: 400;\" aria-level=\"1\"><span style=\"font-weight: 400;\">Roche \u0219i-a luat un angajament public fa\u021b\u0103 de<\/span><b> The Valuable 500<\/b><span style=\"font-weight: 400;\">, o organiza\u021bie a c\u0103rei misiune este de a folosi resursele sectorului privat pentru a genera schimb\u0103ri de durat\u0103 pentru cei 1,3 miliarde de oameni din \u00eentreaga lume care tr\u0103iesc cu o dizabilitate.<\/span><\/li><\/ul><h2><b>Feedback \u0219i asisten\u021b\u0103<\/b><\/h2><p><span style=\"font-weight: 400;\">Apreciem feedbackul dvs. cu privire la accesibilitatea acestui site web. Dac\u0103 \u00eent\u00e2mpina\u021bi bariere de accesibilitate sau ave\u021bi sugestii de \u00eembun\u0103t\u0103\u021bire, v\u0103 rug\u0103m s\u0103 ne contacta\u021bi:<\/span><\/p><p><span style=\"font-weight: 400;\">E-mail: <\/span><a href=\"mailto:romania.info@roche.com\"><span style=\"font-weight: 400;\">romania.info@roche.com<\/span><\/a><\/p><p><span style=\"font-weight: 400;\">Ne propunem s\u0103 r\u0103spundem feedback-ului privind accesibilitatea \u00een termen de 5 zile lucr\u0103toare. V\u0103 mul\u021bumim c\u0103 a\u021bi vizitat Roche.\u00a0<\/span><\/p><p><span style=\"font-weight: 400;\">\u00cempreun\u0103 putem face diferen\u021ba.<\/span><\/p>\t\t\t\t\t\t\t\t<\/div>\n\t\t\t\t<\/div>\n\t\t\t\t\t<\/div>\n\t\t\t\t<\/div>\n\t\t\t\t<\/div>\n\t\t","protected":false},"excerpt":{"rendered":"<p>Declara\u021bia Roche privind accesibilitatea \u00a0 Angajamentul nostru La Roche, ne-am luat angajamentul de a ne asigura c\u0103 site-urile noastre web \u0219i resursele noastre digitale sunt accesibile tuturor utilizatorilor. Recunoa\u0219tem c\u0103 ob\u021binerea accesibilit\u0103\u021bii complete este o c\u0103l\u0103torie continu\u0103 \u0219i lucr\u0103m activ pentru a \u00eembun\u0103t\u0103\u021bi accesibilitatea acestui site web, precum \u0219i pentru a implementa schimb\u0103ri la nivelul [&hellip;]<\/p>\n","protected":false},"author":1,"featured_media":0,"parent":0,"menu_order":0,"comment_status":"closed","ping_status":"closed","template":"","meta":{"footnotes":""},"class_list":["post-1029","page","type-page","status-publish","hentry"],"_links":{"self":[{"href":"https:\/\/cdelacontrol.ro\/index.php\/wp-json\/wp\/v2\/pages\/1029","targetHints":{"allow":["GET"]}}],"collection":[{"href":"https:\/\/cdelacontrol.ro\/index.php\/wp-json\/wp\/v2\/pages"}],"about":[{"href":"https:\/\/cdelacontrol.ro\/index.php\/wp-json\/wp\/v2\/types\/page"}],"author":[{"embeddable":true,"href":"https:\/\/cdelacontrol.ro\/index.php\/wp-json\/wp\/v2\/users\/1"}],"replies":[{"embeddable":true,"href":"https:\/\/cdelacontrol.ro\/index.php\/wp-json\/wp\/v2\/comments?post=1029"}],"version-history":[{"count":3,"href":"https:\/\/cdelacontrol.ro\/index.php\/wp-json\/wp\/v2\/pages\/1029\/revisions"}],"predecessor-version":[{"id":1032,"href":"https:\/\/cdelacontrol.ro\/index.php\/wp-json\/wp\/v2\/pages\/1029\/revisions\/1032"}],"wp:attachment":[{"href":"https:\/\/cdelacontrol.ro\/index.php\/wp-json\/wp\/v2\/media?parent=1029"}],"curies":[{"name":"wp","href":"https:\/\/api.w.org\/{rel}","templated":true}]}}