{"id":243,"date":"2025-02-04T11:29:30","date_gmt":"2025-02-04T11:29:30","guid":{"rendered":"https:\/\/dev.cdelacontrol.ro\/?page_id=243"},"modified":"2025-10-07T13:07:58","modified_gmt":"2025-10-07T13:07:58","slug":"curaj-cancer-pulmonar","status":"publish","type":"page","link":"https:\/\/cdelacontrol.ro\/index.php\/curaj-cancer-pulmonar\/","title":{"rendered":"Curaj cancer pulmonar"},"content":{"rendered":"\t\t<div data-elementor-type=\"wp-page\" data-elementor-id=\"243\" class=\"elementor elementor-243\">\n\t\t\t\t<div class=\"elementor-element elementor-element-52879bd e-flex e-con-boxed e-con e-parent\" data-id=\"52879bd\" data-element_type=\"container\" data-settings=\"{&quot;background_background&quot;:&quot;classic&quot;}\">\n\t\t\t\t\t<div class=\"e-con-inner\">\n\t\t\t\t<div class=\"elementor-element elementor-element-dd70ad7 elementor-widget elementor-widget-text-editor\" data-id=\"dd70ad7\" data-element_type=\"widget\" data-widget_type=\"text-editor.default\">\n\t\t\t\t<div class=\"elementor-widget-container\">\n\t\t\t\t\t\t\t\t\t<div class=\"page-title pink-txt\" style=\"color: #f6aac1; font-size: 21px; line-height: 21px; font-weight: bold; margin-bottom: 25px; text-transform: uppercase; font-family: Verdana, Geneva, sans-serif;\">CANCER pulmonar<\/div><p><span style=\"color: #ffffff; font-family: Verdana, Geneva, sans-serif;\">Diagnosticul primit nu trebuie s\u0103 te sperie. Al\u0103turi de tine sunt pacien\u0163i care au luptat cu succes \u00eempotriva bolii \u015fi \u00eemp\u0103rt\u0103\u015fesc cu tine povestea lor. Vezi mai jos cum au reu\u015fit s\u0103 dep\u0103\u015feasc\u0103 aceast\u0103 perioad\u0103.<\/span><\/p>\t\t\t\t\t\t\t\t<\/div>\n\t\t\t\t<\/div>\n\t\t<div class=\"elementor-element elementor-element-78c70fe e-grid e-con-full e-con e-child\" data-id=\"78c70fe\" data-element_type=\"container\">\n\t\t\t\t<div class=\"elementor-element elementor-element-2b7d751 elementor-widget__width-initial elementor-widget elementor-widget-video\" data-id=\"2b7d751\" data-element_type=\"widget\" data-settings=\"{&quot;video_type&quot;:&quot;hosted&quot;,&quot;controls&quot;:&quot;yes&quot;}\" data-widget_type=\"video.default\">\n\t\t\t\t<div class=\"elementor-widget-container\">\n\t\t\t\t\t\t\t<div class=\"e-hosted-video elementor-wrapper elementor-open-inline\">\n\t\t\t\t\t<video class=\"elementor-video\" src=\"http:\/\/cdelacontrol.ro\/app\/uploads\/2025\/04\/CANCERPULMONAR_IonBadea.mp4\" controls=\"\" preload=\"metadata\" controlsList=\"nodownload\"><\/video>\n\t\t\t\t<\/div>\n\t\t\t\t\t\t<\/div>\n\t\t\t\t<\/div>\n\t\t\t\t<div class=\"elementor-element elementor-element-f10ccf4 elementor-widget elementor-widget-text-editor\" data-id=\"f10ccf4\" data-element_type=\"widget\" data-widget_type=\"text-editor.default\">\n\t\t\t\t<div class=\"elementor-widget-container\">\n\t\t\t\t\t\t\t\t\t<p><span style=\"color: #ffffff; font-family: Verdana, Geneva, sans-serif;\">Dup\u0103 experien\u021ba cu cancerul pulmonar, Ion Badea, fost profesor de sport, a re\u00eenv\u0103\u021bat ce \u00eenseamn\u0103 via\u021ba \u0219i c\u00e2t de pre\u021bios este aerul pe care \u00eel respir\u0103.<\/span><\/p><div class=\"text-lg-right mt-4\" style=\"color: #ffffff; font-family: Verdana, Geneva, sans-serif; margin-top: 1.5rem !important; text-align: right !important;\">Ion Badea, supravie\u021buitor cancer pulmonar<\/div>\t\t\t\t\t\t\t\t<\/div>\n\t\t\t\t<\/div>\n\t\t\t\t<div class=\"elementor-element elementor-element-9ee2008 elementor-widget elementor-widget-text-editor\" data-id=\"9ee2008\" data-element_type=\"widget\" data-widget_type=\"text-editor.default\">\n\t\t\t\t<div class=\"elementor-widget-container\">\n\t\t\t\t\t\t\t\t\t<p><span style=\"color: #ffffff; font-family: Verdana, Geneva, sans-serif;\">Petre Sin poveste\u0219te c\u00e2t de greu a fost anul \u00een care a primit diagnosticul de cancer pulmonar \u0219i care au fost p\u00e2rghiile de care s-a ag\u0103\u021bat ca s\u0103 poat\u0103 lupta pentru via\u021ba lui.<\/span><\/p><div class=\"text-lg-right mt-4\" style=\"color: #ffffff; font-family: Verdana, Geneva, sans-serif; margin-top: 1.5rem !important; text-align: right !important;\">Petre Sin, supravie\u021buitor cancer pulmonar<\/div>\t\t\t\t\t\t\t\t<\/div>\n\t\t\t\t<\/div>\n\t\t\t\t<div class=\"elementor-element elementor-element-22f4349 elementor-widget__width-initial elementor-widget elementor-widget-video\" data-id=\"22f4349\" data-element_type=\"widget\" data-settings=\"{&quot;video_type&quot;:&quot;hosted&quot;,&quot;controls&quot;:&quot;yes&quot;}\" data-widget_type=\"video.default\">\n\t\t\t\t<div class=\"elementor-widget-container\">\n\t\t\t\t\t\t\t<div class=\"e-hosted-video elementor-wrapper elementor-open-inline\">\n\t\t\t\t\t<video class=\"elementor-video\" src=\"http:\/\/cdelacontrol.ro\/app\/uploads\/2025\/04\/CANCERPULMONAR-PetreSin.mp4\" controls=\"\" preload=\"metadata\" controlsList=\"nodownload\"><\/video>\n\t\t\t\t<\/div>\n\t\t\t\t\t\t<\/div>\n\t\t\t\t<\/div>\n\t\t\t\t<div class=\"elementor-element elementor-element-475833f elementor-widget elementor-widget-video\" data-id=\"475833f\" data-element_type=\"widget\" data-settings=\"{&quot;video_type&quot;:&quot;hosted&quot;,&quot;controls&quot;:&quot;yes&quot;}\" data-widget_type=\"video.default\">\n\t\t\t\t<div class=\"elementor-widget-container\">\n\t\t\t\t\t\t\t<div class=\"e-hosted-video elementor-wrapper elementor-open-inline\">\n\t\t\t\t\t<video class=\"elementor-video\" src=\"http:\/\/cdelacontrol.ro\/app\/uploads\/2025\/04\/cancerPulmonar_tudorVlad.mp4\" controls=\"\" preload=\"metadata\" controlsList=\"nodownload\"><\/video>\n\t\t\t\t<\/div>\n\t\t\t\t\t\t<\/div>\n\t\t\t\t<\/div>\n\t\t\t\t<div class=\"elementor-element elementor-element-5397cc6 elementor-widget elementor-widget-text-editor\" data-id=\"5397cc6\" data-element_type=\"widget\" data-widget_type=\"text-editor.default\">\n\t\t\t\t<div class=\"elementor-widget-container\">\n\t\t\t\t\t\t\t\t\t<p><span style=\"color: #ffffff; font-family: Verdana, Geneva, sans-serif;\">C\u00e2nd a primit diagnosticul de cancer pulmonar, Tudor Vladu a refuzat orice fel de tratament. Familia a fost cea care l-a \u00eencurajat s\u0103 lupte, iar nou\u0103 ne-a spus povestea bolii de parc\u0103 ar fi fost doar un vis ur\u00e2t.<\/span><\/p><div class=\"text-lg-right mt-4\" style=\"color: #ffffff; font-family: Verdana, Geneva, sans-serif; margin-top: 1.5rem !important; text-align: right !important;\">Tudor Vladu, supravie\u021buitor cancer pulmonar<\/div>\t\t\t\t\t\t\t\t<\/div>\n\t\t\t\t<\/div>\n\t\t\t\t<\/div>\n\t\t\t\t\t<\/div>\n\t\t\t\t<\/div>\n\t\t<div class=\"elementor-element elementor-element-c651791 e-flex e-con-boxed e-con e-parent\" data-id=\"c651791\" data-element_type=\"container\" data-settings=\"{&quot;background_background&quot;:&quot;classic&quot;}\">\n\t\t\t\t\t<div class=\"e-con-inner\">\n\t\t\t\t<div class=\"elementor-element elementor-element-d7734e4 elementor-widget elementor-widget-text-editor\" data-id=\"d7734e4\" data-element_type=\"widget\" data-widget_type=\"text-editor.default\">\n\t\t\t\t<div class=\"elementor-widget-container\">\n\t\t\t\t\t\t\t\t\t<div class=\"title pink-txt\" style=\"font-weight: bold; font-size: 30px; font-family: Verdana, Geneva, sans-serif; text-align: center; color: #f6aac1 !important;\">ASOCIA\u021aII<\/div><p><span style=\"color: #0066cc; font-family: Verdana, Geneva, sans-serif; text-align: center;\">Contacteaz\u0103 ast\u0103zi asocia\u021biile de pacien\u0163i din lista pe care am preg\u0103tit-o pentru tine \u015fi preia controlul!<\/span><\/p>\t\t\t\t\t\t\t\t<\/div>\n\t\t\t\t<\/div>\n\t\t<div class=\"elementor-element elementor-element-4c3c22b e-grid e-con-full e-con e-child\" data-id=\"4c3c22b\" data-element_type=\"container\">\n\t\t\t\t<div class=\"elementor-element elementor-element-84097e3 elementor-widget elementor-widget-n-accordion\" data-id=\"84097e3\" data-element_type=\"widget\" data-settings=\"{&quot;default_state&quot;:&quot;expanded&quot;,&quot;max_items_expended&quot;:&quot;one&quot;,&quot;n_accordion_animation_duration&quot;:{&quot;unit&quot;:&quot;ms&quot;,&quot;size&quot;:400,&quot;sizes&quot;:[]}}\" data-widget_type=\"nested-accordion.default\">\n\t\t\t\t<div class=\"elementor-widget-container\">\n\t\t\t\t\t\t\t<div class=\"e-n-accordion\" aria-label=\"Accordion. Open links with Enter or Space, close with Escape, and navigate with Arrow Keys\">\n\t\t\t\t\t\t<details id=\"e-n-accordion-item-1380\" class=\"e-n-accordion-item\" open>\n\t\t\t\t<summary class=\"e-n-accordion-item-title\" data-accordion-index=\"1\" tabindex=\"0\" aria-expanded=\"true\" aria-controls=\"e-n-accordion-item-1380\" >\n\t\t\t\t\t<span class='e-n-accordion-item-title-header'><div class=\"e-n-accordion-item-title-text\"> FABC <\/div><\/span>\n\t\t\t\t\t\t\t\t\t<\/summary>\n\t\t\t\t<div role=\"region\" aria-labelledby=\"e-n-accordion-item-1380\" class=\"elementor-element elementor-element-8990ba8 e-con-full e-flex e-con e-child\" data-id=\"8990ba8\" data-element_type=\"container\">\n\t\t<div role=\"region\" aria-labelledby=\"e-n-accordion-item-1380\" class=\"elementor-element elementor-element-420fdc9 e-flex e-con-boxed e-con e-child\" data-id=\"420fdc9\" data-element_type=\"container\">\n\t\t\t\t\t<div class=\"e-con-inner\">\n\t\t\t\t<div class=\"elementor-element elementor-element-f77f147 elementor-widget elementor-widget-text-editor\" data-id=\"f77f147\" data-element_type=\"widget\" data-widget_type=\"text-editor.default\">\n\t\t\t\t<div class=\"elementor-widget-container\">\n\t\t\t\t\t\t\t\t\t<p style=\"margin-top: 0px; margin-bottom: 1rem; color: #0066cc; font-family: Verdana, Geneva, sans-serif;\"><img decoding=\"async\" style=\"vertical-align: middle;\" src=\"https:\/\/www.cdelacontrol.ro\/static\/img\/i-wwww.png\" width=\"21\" \/>www.fabc.ro<\/p><p style=\"margin-top: 0px; margin-bottom: 1rem; color: #0066cc; font-family: Verdana, Geneva, sans-serif;\"><img decoding=\"async\" style=\"vertical-align: middle;\" src=\"https:\/\/www.cdelacontrol.ro\/static\/img\/i-fb.png\" width=\"20\" \/>facebook.com\/FABCRomania<\/p>\t\t\t\t\t\t\t\t<\/div>\n\t\t\t\t<\/div>\n\t\t\t\t\t<\/div>\n\t\t\t\t<\/div>\n\t\t\t\t<\/div>\n\t\t\t\t\t<\/details>\n\t\t\t\t\t\t<details id=\"e-n-accordion-item-1381\" class=\"e-n-accordion-item\" >\n\t\t\t\t<summary class=\"e-n-accordion-item-title\" data-accordion-index=\"2\" tabindex=\"-1\" aria-expanded=\"false\" aria-controls=\"e-n-accordion-item-1381\" >\n\t\t\t\t\t<span class='e-n-accordion-item-title-header'><div class=\"e-n-accordion-item-title-text\"> Asocia\u021bia IMUNIS <\/div><\/span>\n\t\t\t\t\t\t\t\t\t<\/summary>\n\t\t\t\t<div role=\"region\" aria-labelledby=\"e-n-accordion-item-1381\" class=\"elementor-element elementor-element-1768e14 e-con-full e-flex e-con e-child\" data-id=\"1768e14\" data-element_type=\"container\">\n\t\t<div role=\"region\" aria-labelledby=\"e-n-accordion-item-1381\" class=\"elementor-element elementor-element-5e5a317 e-flex e-con-boxed e-con e-child\" data-id=\"5e5a317\" data-element_type=\"container\">\n\t\t\t\t\t<div class=\"e-con-inner\">\n\t\t\t\t<div class=\"elementor-element elementor-element-792f586 elementor-widget elementor-widget-text-editor\" data-id=\"792f586\" data-element_type=\"widget\" data-widget_type=\"text-editor.default\">\n\t\t\t\t<div class=\"elementor-widget-container\">\n\t\t\t\t\t\t\t\t\t<p style=\"margin-top: 0px; margin-bottom: 1rem; color: #0066cc; font-family: Verdana, Geneva, sans-serif;\"><img decoding=\"async\" style=\"vertical-align: middle;\" src=\"https:\/\/www.cdelacontrol.ro\/static\/img\/i-wwww.png\" width=\"21\" \/>www.asociatiaimunis.ro<\/p><p style=\"margin-top: 0px; margin-bottom: 1rem; color: #0066cc; font-family: Verdana, Geneva, sans-serif;\"><img decoding=\"async\" style=\"vertical-align: middle;\" src=\"https:\/\/www.cdelacontrol.ro\/static\/img\/i-fb.png\" width=\"20\" \/>facebook.com\/AsociatiaImunis<\/p>\t\t\t\t\t\t\t\t<\/div>\n\t\t\t\t<\/div>\n\t\t\t\t\t<\/div>\n\t\t\t\t<\/div>\n\t\t\t\t<\/div>\n\t\t\t\t\t<\/details>\n\t\t\t\t\t\t<details id=\"e-n-accordion-item-1382\" class=\"e-n-accordion-item\" >\n\t\t\t\t<summary class=\"e-n-accordion-item-title\" data-accordion-index=\"3\" tabindex=\"-1\" aria-expanded=\"false\" aria-controls=\"e-n-accordion-item-1382\" >\n\t\t\t\t\t<span class='e-n-accordion-item-title-header'><div class=\"e-n-accordion-item-title-text\"> COPAC <\/div><\/span>\n\t\t\t\t\t\t\t\t\t<\/summary>\n\t\t\t\t<div role=\"region\" aria-labelledby=\"e-n-accordion-item-1382\" class=\"elementor-element elementor-element-bb0d673 e-con-full e-flex e-con e-child\" data-id=\"bb0d673\" data-element_type=\"container\">\n\t\t<div role=\"region\" aria-labelledby=\"e-n-accordion-item-1382\" class=\"elementor-element elementor-element-cdb29a1 e-flex e-con-boxed e-con e-child\" data-id=\"cdb29a1\" data-element_type=\"container\">\n\t\t\t\t\t<div class=\"e-con-inner\">\n\t\t\t\t<div class=\"elementor-element elementor-element-6574de2 elementor-widget elementor-widget-text-editor\" data-id=\"6574de2\" data-element_type=\"widget\" data-widget_type=\"text-editor.default\">\n\t\t\t\t<div class=\"elementor-widget-container\">\n\t\t\t\t\t\t\t\t\t<p style=\"margin-top: 0px; margin-bottom: 1rem; color: #0066cc; font-family: Verdana, Geneva, sans-serif;\"><img decoding=\"async\" style=\"vertical-align: middle;\" src=\"https:\/\/www.cdelacontrol.ro\/static\/img\/i-wwww.png\" width=\"21\" \/>www.copac.ro<\/p><p style=\"margin-top: 0px; margin-bottom: 1rem; color: #0066cc; font-family: Verdana, Geneva, sans-serif;\"><img decoding=\"async\" style=\"vertical-align: middle;\" src=\"https:\/\/www.cdelacontrol.ro\/static\/img\/i-fb.png\" width=\"20\" \/>facebook.com\/CoalitiaCOPAC<\/p>\t\t\t\t\t\t\t\t<\/div>\n\t\t\t\t<\/div>\n\t\t\t\t\t<\/div>\n\t\t\t\t<\/div>\n\t\t\t\t<\/div>\n\t\t\t\t\t<\/details>\n\t\t\t\t\t<\/div>\n\t\t\t\t\t\t<\/div>\n\t\t\t\t<\/div>\n\t\t\t\t<div class=\"elementor-element elementor-element-1d0d4d6 elementor-widget elementor-widget-image\" data-id=\"1d0d4d6\" data-element_type=\"widget\" data-widget_type=\"image.default\">\n\t\t\t\t<div class=\"elementor-widget-container\">\n\t\t\t\t\t\t\t\t\t\t\t\t\t\t\t<img fetchpriority=\"high\" decoding=\"async\" width=\"524\" height=\"397\" src=\"https:\/\/cdelacontrol.ro\/app\/uploads\/2025\/02\/hands.png\" class=\"attachment-large size-large wp-image-475\" alt=\"\" srcset=\"https:\/\/cdelacontrol.ro\/app\/uploads\/2025\/02\/hands.png 524w, https:\/\/cdelacontrol.ro\/app\/uploads\/2025\/02\/hands-300x227.png 300w\" sizes=\"(max-width: 524px) 100vw, 524px\" \/>\t\t\t\t\t\t\t\t\t\t\t\t\t\t\t<\/div>\n\t\t\t\t<\/div>\n\t\t\t\t<\/div>\n\t\t\t\t\t<\/div>\n\t\t\t\t<\/div>\n\t\t<div class=\"elementor-element elementor-element-26053291 e-flex e-con-boxed e-con e-parent\" data-id=\"26053291\" data-element_type=\"container\" data-settings=\"{&quot;background_background&quot;:&quot;classic&quot;}\">\n\t\t\t\t\t<div class=\"e-con-inner\">\n\t\t<div class=\"elementor-element elementor-element-5627b188 e-con-full e-flex e-con e-child\" data-id=\"5627b188\" data-element_type=\"container\">\n\t\t\t\t<div class=\"elementor-element elementor-element-5d2cffd7 elementor-widget elementor-widget-image\" data-id=\"5d2cffd7\" data-element_type=\"widget\" data-widget_type=\"image.default\">\n\t\t\t\t<div class=\"elementor-widget-container\">\n\t\t\t\t\t\t\t\t\t\t\t\t\t\t\t<img decoding=\"async\" width=\"164\" height=\"85\" src=\"https:\/\/cdelacontrol.ro\/app\/uploads\/2025\/02\/logo-roche.png\" class=\"attachment-large size-large wp-image-445\" alt=\"\" \/>\t\t\t\t\t\t\t\t\t\t\t\t\t\t\t<\/div>\n\t\t\t\t<\/div>\n\t\t\t\t<\/div>\n\t\t<div class=\"elementor-element elementor-element-1988ce6b e-con-full e-flex e-con e-child\" data-id=\"1988ce6b\" data-element_type=\"container\">\n\t\t\t\t<div class=\"elementor-element elementor-element-42aafdde elementor-widget elementor-widget-text-editor\" data-id=\"42aafdde\" data-element_type=\"widget\" data-widget_type=\"text-editor.default\">\n\t\t\t\t<div class=\"elementor-widget-container\">\n\t\t\t\t\t\t\t\t\t<p><span style=\"color: #ffffff; font-family: Verdana, Geneva, sans-serif; font-size: 14px; font-style: var( --e-global-typography-text-font-style ); font-weight: var( --e-global-typography-text-font-weight ); letter-spacing: var( --e-global-typography-text-letter-spacing ); text-transform: var( --e-global-typography-text-text-transform ); text-align: var(--text-align);\">Roche este unul din pionerii globali ai industriei farmaceutice \u0219i de diagnostic, ce inoveaz\u0103 continuu cu scopul de a \u00eembun\u0103t\u0103\u021bi via\u021ba oamenilor. Sinergia dintre diviziile de Farmaceutice \u015fi Diagnostic au transformat Roche \u00een lider global al medicinii personalizate, o strategie care \u00ee\u0219i propune s\u0103 ofere tratamentul potrivit pentru pacientul potrivit, \u00een cele mai bune condi\u021bii posibile.<\/span>.<\/p>\t\t\t\t\t\t\t\t<\/div>\n\t\t\t\t<\/div>\n\t\t\t\t<\/div>\n\t\t\t\t\t<\/div>\n\t\t\t\t<\/div>\n\t\t<div class=\"elementor-element elementor-element-10d07717 e-flex e-con-boxed e-con e-parent\" data-id=\"10d07717\" data-element_type=\"container\">\n\t\t\t\t\t<div class=\"e-con-inner\">\n\t\t\t\t<div class=\"elementor-element elementor-element-7b82f71e elementor-widget elementor-widget-image-carousel\" data-id=\"7b82f71e\" data-element_type=\"widget\" data-settings=\"{&quot;slides_to_show&quot;:&quot;7&quot;,&quot;navigation&quot;:&quot;none&quot;,&quot;autoplay&quot;:&quot;yes&quot;,&quot;pause_on_hover&quot;:&quot;yes&quot;,&quot;pause_on_interaction&quot;:&quot;yes&quot;,&quot;autoplay_speed&quot;:5000,&quot;infinite&quot;:&quot;yes&quot;,&quot;speed&quot;:500}\" data-widget_type=\"image-carousel.default\">\n\t\t\t\t<div class=\"elementor-widget-container\">\n\t\t\t\t\t\t\t<div class=\"elementor-image-carousel-wrapper swiper\" role=\"region\" aria-roledescription=\"carousel\" aria-label=\"Image Carousel\" dir=\"ltr\">\n\t\t\t<div class=\"elementor-image-carousel swiper-wrapper\" aria-live=\"off\">\n\t\t\t\t\t\t\t\t<div class=\"swiper-slide\" role=\"group\" aria-roledescription=\"slide\" aria-label=\"1 of 18\"><figure class=\"swiper-slide-inner\"><img decoding=\"async\" class=\"swiper-slide-image\" src=\"https:\/\/cdelacontrol.ro\/app\/uploads\/2025\/02\/nl06.png\" alt=\"nl06\" \/><\/figure><\/div><div class=\"swiper-slide\" role=\"group\" aria-roledescription=\"slide\" aria-label=\"2 of 18\"><figure class=\"swiper-slide-inner\"><img decoding=\"async\" class=\"swiper-slide-image\" src=\"https:\/\/cdelacontrol.ro\/app\/uploads\/2025\/02\/nl08.png\" alt=\"nl08\" \/><\/figure><\/div><div class=\"swiper-slide\" role=\"group\" aria-roledescription=\"slide\" aria-label=\"3 of 18\"><figure class=\"swiper-slide-inner\"><img decoding=\"async\" class=\"swiper-slide-image\" src=\"https:\/\/cdelacontrol.ro\/app\/uploads\/2025\/02\/nl01.png\" alt=\"nl01\" \/><\/figure><\/div><div class=\"swiper-slide\" role=\"group\" aria-roledescription=\"slide\" aria-label=\"4 of 18\"><figure class=\"swiper-slide-inner\"><img decoding=\"async\" class=\"swiper-slide-image\" src=\"https:\/\/cdelacontrol.ro\/app\/uploads\/2025\/02\/nl02.png\" alt=\"nl02\" \/><\/figure><\/div><div class=\"swiper-slide\" role=\"group\" aria-roledescription=\"slide\" aria-label=\"5 of 18\"><figure class=\"swiper-slide-inner\"><img decoding=\"async\" class=\"swiper-slide-image\" src=\"https:\/\/cdelacontrol.ro\/app\/uploads\/2025\/02\/nl03.png\" alt=\"nl03\" \/><\/figure><\/div><div class=\"swiper-slide\" role=\"group\" aria-roledescription=\"slide\" aria-label=\"6 of 18\"><figure class=\"swiper-slide-inner\"><img decoding=\"async\" class=\"swiper-slide-image\" src=\"https:\/\/cdelacontrol.ro\/app\/uploads\/2025\/02\/nl18.png\" alt=\"nl18\" \/><\/figure><\/div><div class=\"swiper-slide\" role=\"group\" aria-roledescription=\"slide\" aria-label=\"7 of 18\"><figure class=\"swiper-slide-inner\"><img decoding=\"async\" class=\"swiper-slide-image\" src=\"https:\/\/cdelacontrol.ro\/app\/uploads\/2025\/02\/nl04.png\" alt=\"nl04\" \/><\/figure><\/div><div class=\"swiper-slide\" role=\"group\" aria-roledescription=\"slide\" aria-label=\"8 of 18\"><figure class=\"swiper-slide-inner\"><img decoding=\"async\" class=\"swiper-slide-image\" src=\"https:\/\/cdelacontrol.ro\/app\/uploads\/2025\/02\/nl16.png\" alt=\"nl16\" \/><\/figure><\/div><div class=\"swiper-slide\" role=\"group\" aria-roledescription=\"slide\" aria-label=\"9 of 18\"><figure class=\"swiper-slide-inner\"><img decoding=\"async\" class=\"swiper-slide-image\" src=\"https:\/\/cdelacontrol.ro\/app\/uploads\/2025\/02\/nl14.png\" alt=\"nl14\" \/><\/figure><\/div><div class=\"swiper-slide\" role=\"group\" aria-roledescription=\"slide\" aria-label=\"10 of 18\"><figure class=\"swiper-slide-inner\"><img decoding=\"async\" class=\"swiper-slide-image\" src=\"https:\/\/cdelacontrol.ro\/app\/uploads\/2025\/02\/nl17.png\" alt=\"nl17\" \/><\/figure><\/div><div class=\"swiper-slide\" role=\"group\" aria-roledescription=\"slide\" aria-label=\"11 of 18\"><figure class=\"swiper-slide-inner\"><img decoding=\"async\" class=\"swiper-slide-image\" src=\"https:\/\/cdelacontrol.ro\/app\/uploads\/2025\/04\/nl09-1.png\" alt=\"nl09\" \/><\/figure><\/div><div class=\"swiper-slide\" role=\"group\" aria-roledescription=\"slide\" aria-label=\"12 of 18\"><figure class=\"swiper-slide-inner\"><img decoding=\"async\" class=\"swiper-slide-image\" src=\"https:\/\/cdelacontrol.ro\/app\/uploads\/2025\/04\/nl11-1.png\" alt=\"nl11\" \/><\/figure><\/div><div class=\"swiper-slide\" role=\"group\" aria-roledescription=\"slide\" aria-label=\"13 of 18\"><figure class=\"swiper-slide-inner\"><img decoding=\"async\" class=\"swiper-slide-image\" src=\"https:\/\/cdelacontrol.ro\/app\/uploads\/2025\/04\/nl07-1.png\" alt=\"nl07\" \/><\/figure><\/div><div class=\"swiper-slide\" role=\"group\" aria-roledescription=\"slide\" aria-label=\"14 of 18\"><figure class=\"swiper-slide-inner\"><img decoding=\"async\" class=\"swiper-slide-image\" src=\"https:\/\/cdelacontrol.ro\/app\/uploads\/2025\/04\/nl10-1.png\" alt=\"nl10\" \/><\/figure><\/div><div class=\"swiper-slide\" role=\"group\" aria-roledescription=\"slide\" aria-label=\"15 of 18\"><figure class=\"swiper-slide-inner\"><img decoding=\"async\" class=\"swiper-slide-image\" src=\"https:\/\/cdelacontrol.ro\/app\/uploads\/2025\/04\/nl05-1.png\" alt=\"nl05\" \/><\/figure><\/div><div class=\"swiper-slide\" role=\"group\" aria-roledescription=\"slide\" aria-label=\"16 of 18\"><figure class=\"swiper-slide-inner\"><img decoding=\"async\" class=\"swiper-slide-image\" src=\"https:\/\/cdelacontrol.ro\/app\/uploads\/2025\/04\/nl15-1.png\" alt=\"nl15\" \/><\/figure><\/div><div class=\"swiper-slide\" role=\"group\" aria-roledescription=\"slide\" aria-label=\"17 of 18\"><figure class=\"swiper-slide-inner\"><img decoding=\"async\" class=\"swiper-slide-image\" src=\"https:\/\/cdelacontrol.ro\/app\/uploads\/2025\/04\/nl13-1.png\" alt=\"nl13\" \/><\/figure><\/div><div class=\"swiper-slide\" role=\"group\" aria-roledescription=\"slide\" aria-label=\"18 of 18\"><figure class=\"swiper-slide-inner\"><img decoding=\"async\" class=\"swiper-slide-image\" src=\"https:\/\/cdelacontrol.ro\/app\/uploads\/2025\/04\/nl12-1.png\" alt=\"nl12\" \/><\/figure><\/div>\t\t\t<\/div>\n\t\t\t\t\t\t\t\n\t\t\t\t\t\t\t\t\t<\/div>\n\t\t\t\t\t\t<\/div>\n\t\t\t\t<\/div>\n\t\t\t\t\t<\/div>\n\t\t\t\t<\/div>\n\t\t\t\t<\/div>\n\t\t","protected":false},"excerpt":{"rendered":"<p>CANCER pulmonar Diagnosticul primit nu trebuie s\u0103 te sperie. Al\u0103turi de tine sunt pacien\u0163i care au luptat cu succes \u00eempotriva bolii \u015fi \u00eemp\u0103rt\u0103\u015fesc cu tine povestea lor. Vezi mai jos cum au reu\u015fit s\u0103 dep\u0103\u015feasc\u0103 aceast\u0103 perioad\u0103. http:\/\/cdelacontrol.ro\/app\/uploads\/2025\/04\/CANCERPULMONAR_IonBadea.mp4 Dup\u0103 experien\u021ba cu cancerul pulmonar, Ion Badea, fost profesor de sport, a re\u00eenv\u0103\u021bat ce \u00eenseamn\u0103 via\u021ba \u0219i [&hellip;]<\/p>\n","protected":false},"author":1,"featured_media":0,"parent":0,"menu_order":0,"comment_status":"closed","ping_status":"closed","template":"","meta":{"footnotes":""},"class_list":["post-243","page","type-page","status-publish","hentry"],"_links":{"self":[{"href":"https:\/\/cdelacontrol.ro\/index.php\/wp-json\/wp\/v2\/pages\/243","targetHints":{"allow":["GET"]}}],"collection":[{"href":"https:\/\/cdelacontrol.ro\/index.php\/wp-json\/wp\/v2\/pages"}],"about":[{"href":"https:\/\/cdelacontrol.ro\/index.php\/wp-json\/wp\/v2\/types\/page"}],"author":[{"embeddable":true,"href":"https:\/\/cdelacontrol.ro\/index.php\/wp-json\/wp\/v2\/users\/1"}],"replies":[{"embeddable":true,"href":"https:\/\/cdelacontrol.ro\/index.php\/wp-json\/wp\/v2\/comments?post=243"}],"version-history":[{"count":22,"href":"https:\/\/cdelacontrol.ro\/index.php\/wp-json\/wp\/v2\/pages\/243\/revisions"}],"predecessor-version":[{"id":1039,"href":"https:\/\/cdelacontrol.ro\/index.php\/wp-json\/wp\/v2\/pages\/243\/revisions\/1039"}],"wp:attachment":[{"href":"https:\/\/cdelacontrol.ro\/index.php\/wp-json\/wp\/v2\/media?parent=243"}],"curies":[{"name":"wp","href":"https:\/\/api.w.org\/{rel}","templated":true}]}}