{"id":252,"date":"2025-02-04T11:35:14","date_gmt":"2025-02-04T11:35:14","guid":{"rendered":"https:\/\/dev.cdelacontrol.ro\/?page_id=252"},"modified":"2025-10-07T13:25:58","modified_gmt":"2025-10-07T13:25:58","slug":"curaj-cancer-urotelial","status":"publish","type":"page","link":"https:\/\/cdelacontrol.ro\/index.php\/curaj-cancer-urotelial\/","title":{"rendered":"Curaj Cancer Urotelial"},"content":{"rendered":"\t\t<div data-elementor-type=\"wp-page\" data-elementor-id=\"252\" class=\"elementor elementor-252\">\n\t\t\t\t<div class=\"elementor-element elementor-element-c3dab61 e-flex e-con-boxed e-con e-parent\" data-id=\"c3dab61\" data-element_type=\"container\" data-settings=\"{&quot;background_background&quot;:&quot;classic&quot;}\">\n\t\t\t\t\t<div class=\"e-con-inner\">\n\t\t\t\t<div class=\"elementor-element elementor-element-28f9641 elementor-widget elementor-widget-text-editor\" data-id=\"28f9641\" data-element_type=\"widget\" data-widget_type=\"text-editor.default\">\n\t\t\t\t<div class=\"elementor-widget-container\">\n\t\t\t\t\t\t\t\t\t<div class=\"page-title pink-txt\" style=\"color: #F6AAC1; font-size: 21px; line-height: 21px; font-weight: bold; margin-bottom: 25px; text-transform: uppercase; font-family: Verdana, Geneva, sans-serif;\">CANCERUL UROTELIAL<\/div>\n<span style=\"color: #ffffff; font-family: Verdana, Geneva, sans-serif;\">Diagnosticul primit nu trebuie s\u0103 te sperie. Al\u0103turi de tine sunt pacien\u0163i care au luptat cu succes \u00eempotriva bolii \u015fi \u00eemp\u0103rt\u0103\u015fesc cu tine povestea lor. Vezi mai jos cum au reu\u015fit s\u0103 dep\u0103\u015feasc\u0103 aceast\u0103 perioad\u0103.<\/span>\t\t\t\t\t\t\t\t<\/div>\n\t\t\t\t<\/div>\n\t\t<div class=\"elementor-element elementor-element-4a1ae34 e-grid e-con-full e-con e-child\" data-id=\"4a1ae34\" data-element_type=\"container\">\n\t\t\t\t<div class=\"elementor-element elementor-element-806689c elementor-widget__width-initial elementor-widget elementor-widget-video\" data-id=\"806689c\" data-element_type=\"widget\" data-settings=\"{&quot;video_type&quot;:&quot;hosted&quot;,&quot;controls&quot;:&quot;yes&quot;}\" data-widget_type=\"video.default\">\n\t\t\t\t<div class=\"elementor-widget-container\">\n\t\t\t\t\t\t\t<div class=\"e-hosted-video elementor-wrapper elementor-open-inline\">\n\t\t\t\t\t<video class=\"elementor-video\" src=\"http:\/\/cdelacontrol.ro\/app\/uploads\/2025\/04\/cancer_urotelial_florica_tudor.mp4\" controls=\"\" preload=\"metadata\" controlsList=\"nodownload\"><\/video>\n\t\t\t\t<\/div>\n\t\t\t\t\t\t<\/div>\n\t\t\t\t<\/div>\n\t\t\t\t<div class=\"elementor-element elementor-element-269d43d elementor-widget elementor-widget-text-editor\" data-id=\"269d43d\" data-element_type=\"widget\" data-widget_type=\"text-editor.default\">\n\t\t\t\t<div class=\"elementor-widget-container\">\n\t\t\t\t\t\t\t\t\t<p><span style=\"color: #ffffff; font-family: Verdana, Geneva, sans-serif;\">Florica Tudor a trecut printr-o opera\u021bie de 10 ore, \u00een care a intrat cu foarte pu\u021bin\u0103 speran\u021b\u0103. Dar a reu\u0219it s\u0103 \u00eenving\u0103 cancerul \u0219i s\u0103 \u00ee\u0219i revin\u0103 la modul de via\u021b\u0103 pe care \u00eel \u0219tia deja.<\/span><\/p><div class=\"text-lg-right mt-4\" style=\"color: #ffffff; font-family: Verdana, Geneva, sans-serif; margin-top: 1.5rem !important; text-align: right !important;\">Florica Tudor, supravie\u021buitoare cancer urotelial<\/div>\t\t\t\t\t\t\t\t<\/div>\n\t\t\t\t<\/div>\n\t\t\t\t<\/div>\n\t\t\t\t\t<\/div>\n\t\t\t\t<\/div>\n\t\t<div class=\"elementor-element elementor-element-eea5ec1 e-flex e-con-boxed e-con e-parent\" data-id=\"eea5ec1\" data-element_type=\"container\" data-settings=\"{&quot;background_background&quot;:&quot;classic&quot;}\">\n\t\t\t\t\t<div class=\"e-con-inner\">\n\t\t\t\t<div class=\"elementor-element elementor-element-011eda9 elementor-widget elementor-widget-text-editor\" data-id=\"011eda9\" data-element_type=\"widget\" data-widget_type=\"text-editor.default\">\n\t\t\t\t<div class=\"elementor-widget-container\">\n\t\t\t\t\t\t\t\t\t<div class=\"title pink-txt\" style=\"font-weight: bold; font-size: 30px; font-family: Verdana, Geneva, sans-serif; text-align: center; color: #f6aac1 !important;\">ASOCIA\u021aII<\/div><p><span style=\"color: #0066cc; font-family: Verdana, Geneva, sans-serif; text-align: center;\">Contacteaz\u0103 ast\u0103zi asocia\u021biile de pacien\u0163i din lista pe care am preg\u0103tit-o pentru tine \u015fi preia controlul!<\/span><\/p>\t\t\t\t\t\t\t\t<\/div>\n\t\t\t\t<\/div>\n\t\t<div class=\"elementor-element elementor-element-1a42f7e e-grid e-con-full e-con e-child\" data-id=\"1a42f7e\" data-element_type=\"container\">\n\t\t\t\t<div class=\"elementor-element elementor-element-10919a1 elementor-widget elementor-widget-n-accordion\" data-id=\"10919a1\" data-element_type=\"widget\" data-settings=\"{&quot;default_state&quot;:&quot;expanded&quot;,&quot;max_items_expended&quot;:&quot;one&quot;,&quot;n_accordion_animation_duration&quot;:{&quot;unit&quot;:&quot;ms&quot;,&quot;size&quot;:400,&quot;sizes&quot;:[]}}\" data-widget_type=\"nested-accordion.default\">\n\t\t\t\t<div class=\"elementor-widget-container\">\n\t\t\t\t\t\t\t<div class=\"e-n-accordion\" aria-label=\"Accordion. Open links with Enter or Space, close with Escape, and navigate with Arrow Keys\">\n\t\t\t\t\t\t<details id=\"e-n-accordion-item-1730\" class=\"e-n-accordion-item\" open>\n\t\t\t\t<summary class=\"e-n-accordion-item-title\" data-accordion-index=\"1\" tabindex=\"0\" aria-expanded=\"true\" aria-controls=\"e-n-accordion-item-1730\" >\n\t\t\t\t\t<span class='e-n-accordion-item-title-header'><div class=\"e-n-accordion-item-title-text\"> FABC <\/div><\/span>\n\t\t\t\t\t\t\t\t\t<\/summary>\n\t\t\t\t<div role=\"region\" aria-labelledby=\"e-n-accordion-item-1730\" class=\"elementor-element elementor-element-e29ef3d e-con-full e-flex e-con e-child\" data-id=\"e29ef3d\" data-element_type=\"container\">\n\t\t<div role=\"region\" aria-labelledby=\"e-n-accordion-item-1730\" class=\"elementor-element elementor-element-76fed10 e-flex e-con-boxed e-con e-child\" data-id=\"76fed10\" data-element_type=\"container\">\n\t\t\t\t\t<div class=\"e-con-inner\">\n\t\t\t\t<div class=\"elementor-element elementor-element-38bf155 elementor-widget elementor-widget-text-editor\" data-id=\"38bf155\" data-element_type=\"widget\" data-widget_type=\"text-editor.default\">\n\t\t\t\t<div class=\"elementor-widget-container\">\n\t\t\t\t\t\t\t\t\t<p style=\"margin-top: 0px; margin-bottom: 1rem; color: #0066cc; font-family: Verdana, Geneva, sans-serif;\"><img decoding=\"async\" style=\"vertical-align: middle;\" src=\"https:\/\/cdelacontrol.ro\/static\/img\/i-wwww.png\" width=\"21\" \/>www.fabc.ro<\/p><p style=\"margin-top: 0px; margin-bottom: 1rem; color: #0066cc; font-family: Verdana, Geneva, sans-serif;\"><img decoding=\"async\" style=\"vertical-align: middle;\" src=\"https:\/\/www.cdelacontrol.ro\/static\/img\/i-fb.png\" width=\"20\" \/>facebook.com\/FABCRomania<\/p>\t\t\t\t\t\t\t\t<\/div>\n\t\t\t\t<\/div>\n\t\t\t\t\t<\/div>\n\t\t\t\t<\/div>\n\t\t\t\t<\/div>\n\t\t\t\t\t<\/details>\n\t\t\t\t\t\t<details id=\"e-n-accordion-item-1731\" class=\"e-n-accordion-item\" >\n\t\t\t\t<summary class=\"e-n-accordion-item-title\" data-accordion-index=\"2\" tabindex=\"-1\" aria-expanded=\"false\" aria-controls=\"e-n-accordion-item-1731\" >\n\t\t\t\t\t<span class='e-n-accordion-item-title-header'><div class=\"e-n-accordion-item-title-text\"> Asocia\u021bia IMUNIS <\/div><\/span>\n\t\t\t\t\t\t\t\t\t<\/summary>\n\t\t\t\t<div role=\"region\" aria-labelledby=\"e-n-accordion-item-1731\" class=\"elementor-element elementor-element-5abb222 e-con-full e-flex e-con e-child\" data-id=\"5abb222\" data-element_type=\"container\">\n\t\t<div role=\"region\" aria-labelledby=\"e-n-accordion-item-1731\" class=\"elementor-element elementor-element-9325c7e e-flex e-con-boxed e-con e-child\" data-id=\"9325c7e\" data-element_type=\"container\">\n\t\t\t\t\t<div class=\"e-con-inner\">\n\t\t\t\t<div class=\"elementor-element elementor-element-48b0b10 elementor-widget elementor-widget-text-editor\" data-id=\"48b0b10\" data-element_type=\"widget\" data-widget_type=\"text-editor.default\">\n\t\t\t\t<div class=\"elementor-widget-container\">\n\t\t\t\t\t\t\t\t\t<p style=\"margin-top: 0px; margin-bottom: 1rem; color: #0066cc; font-family: Verdana, Geneva, sans-serif;\"><img decoding=\"async\" style=\"vertical-align: middle;\" src=\"https:\/\/www.cdelacontrol.ro\/static\/img\/i-wwww.png\" width=\"21\" \/>www.asociatiaimunis.ro<\/p><p style=\"margin-top: 0px; margin-bottom: 1rem; color: #0066cc; font-family: Verdana, Geneva, sans-serif;\"><img decoding=\"async\" style=\"vertical-align: middle;\" src=\"https:\/\/www.cdelacontrol.ro\/static\/img\/i-fb.png\" width=\"20\" \/>facebook.com\/AsociatiaImunis<\/p>\t\t\t\t\t\t\t\t<\/div>\n\t\t\t\t<\/div>\n\t\t\t\t\t<\/div>\n\t\t\t\t<\/div>\n\t\t\t\t<\/div>\n\t\t\t\t\t<\/details>\n\t\t\t\t\t\t<details id=\"e-n-accordion-item-1732\" class=\"e-n-accordion-item\" >\n\t\t\t\t<summary class=\"e-n-accordion-item-title\" data-accordion-index=\"3\" tabindex=\"-1\" aria-expanded=\"false\" aria-controls=\"e-n-accordion-item-1732\" >\n\t\t\t\t\t<span class='e-n-accordion-item-title-header'><div class=\"e-n-accordion-item-title-text\"> COPAC <\/div><\/span>\n\t\t\t\t\t\t\t\t\t<\/summary>\n\t\t\t\t<div role=\"region\" aria-labelledby=\"e-n-accordion-item-1732\" class=\"elementor-element elementor-element-9246f29 e-con-full e-flex e-con e-child\" data-id=\"9246f29\" data-element_type=\"container\">\n\t\t<div role=\"region\" aria-labelledby=\"e-n-accordion-item-1732\" class=\"elementor-element elementor-element-9fe2da8 e-flex e-con-boxed e-con e-child\" data-id=\"9fe2da8\" data-element_type=\"container\">\n\t\t\t\t\t<div class=\"e-con-inner\">\n\t\t\t\t<div class=\"elementor-element elementor-element-a8af934 elementor-widget elementor-widget-text-editor\" data-id=\"a8af934\" data-element_type=\"widget\" data-widget_type=\"text-editor.default\">\n\t\t\t\t<div class=\"elementor-widget-container\">\n\t\t\t\t\t\t\t\t\t<p style=\"margin-top: 0px; margin-bottom: 1rem; color: #0066cc; font-family: Verdana, Geneva, sans-serif;\"><img decoding=\"async\" style=\"vertical-align: middle;\" src=\"https:\/\/www.cdelacontrol.ro\/static\/img\/i-wwww.png\" width=\"21\" \/>www.copac.ro<\/p><p style=\"margin-top: 0px; margin-bottom: 1rem; color: #0066cc; font-family: Verdana, Geneva, sans-serif;\"><img decoding=\"async\" style=\"vertical-align: middle;\" src=\"https:\/\/www.cdelacontrol.ro\/static\/img\/i-fb.png\" width=\"20\" \/>facebook.com\/CoalitiaCOPAC<\/p>\t\t\t\t\t\t\t\t<\/div>\n\t\t\t\t<\/div>\n\t\t\t\t\t<\/div>\n\t\t\t\t<\/div>\n\t\t\t\t<\/div>\n\t\t\t\t\t<\/details>\n\t\t\t\t\t<\/div>\n\t\t\t\t\t\t<\/div>\n\t\t\t\t<\/div>\n\t\t\t\t<div class=\"elementor-element elementor-element-43293ae elementor-widget elementor-widget-image\" data-id=\"43293ae\" data-element_type=\"widget\" data-widget_type=\"image.default\">\n\t\t\t\t<div class=\"elementor-widget-container\">\n\t\t\t\t\t\t\t\t\t\t\t\t\t\t\t<img fetchpriority=\"high\" decoding=\"async\" width=\"524\" height=\"397\" src=\"https:\/\/cdelacontrol.ro\/app\/uploads\/2025\/02\/hands.png\" class=\"attachment-large size-large wp-image-475\" alt=\"\" srcset=\"https:\/\/cdelacontrol.ro\/app\/uploads\/2025\/02\/hands.png 524w, https:\/\/cdelacontrol.ro\/app\/uploads\/2025\/02\/hands-300x227.png 300w\" sizes=\"(max-width: 524px) 100vw, 524px\" \/>\t\t\t\t\t\t\t\t\t\t\t\t\t\t\t<\/div>\n\t\t\t\t<\/div>\n\t\t\t\t<\/div>\n\t\t\t\t\t<\/div>\n\t\t\t\t<\/div>\n\t\t<div class=\"elementor-element elementor-element-7e9fe1ba e-flex e-con-boxed e-con e-parent\" data-id=\"7e9fe1ba\" data-element_type=\"container\" data-settings=\"{&quot;background_background&quot;:&quot;classic&quot;}\">\n\t\t\t\t\t<div class=\"e-con-inner\">\n\t\t<div class=\"elementor-element elementor-element-29753117 e-con-full e-flex e-con e-child\" data-id=\"29753117\" data-element_type=\"container\">\n\t\t\t\t<div class=\"elementor-element elementor-element-62321d18 elementor-widget elementor-widget-image\" data-id=\"62321d18\" data-element_type=\"widget\" data-widget_type=\"image.default\">\n\t\t\t\t<div class=\"elementor-widget-container\">\n\t\t\t\t\t\t\t\t\t\t\t\t\t\t\t<img decoding=\"async\" width=\"164\" height=\"85\" src=\"https:\/\/cdelacontrol.ro\/app\/uploads\/2025\/02\/logo-roche.png\" class=\"attachment-large size-large wp-image-445\" alt=\"\" \/>\t\t\t\t\t\t\t\t\t\t\t\t\t\t\t<\/div>\n\t\t\t\t<\/div>\n\t\t\t\t<\/div>\n\t\t<div class=\"elementor-element elementor-element-10a9a6cb e-con-full e-flex e-con e-child\" data-id=\"10a9a6cb\" data-element_type=\"container\">\n\t\t\t\t<div class=\"elementor-element elementor-element-4d827103 elementor-widget elementor-widget-text-editor\" data-id=\"4d827103\" data-element_type=\"widget\" data-widget_type=\"text-editor.default\">\n\t\t\t\t<div class=\"elementor-widget-container\">\n\t\t\t\t\t\t\t\t\t<p><span style=\"color: #ffffff; font-family: Verdana, Geneva, sans-serif; font-size: 14px; font-style: var( --e-global-typography-text-font-style ); font-weight: var( --e-global-typography-text-font-weight ); letter-spacing: var( --e-global-typography-text-letter-spacing ); text-transform: var( --e-global-typography-text-text-transform ); text-align: var(--text-align);\">Roche este unul din pionerii globali ai industriei farmaceutice \u0219i de diagnostic, ce inoveaz\u0103 continuu cu scopul de a \u00eembun\u0103t\u0103\u021bi via\u021ba oamenilor. Sinergia dintre diviziile de Farmaceutice \u015fi Diagnostic au transformat Roche \u00een lider global al medicinii personalizate, o strategie care \u00ee\u0219i propune s\u0103 ofere tratamentul potrivit pentru pacientul potrivit, \u00een cele mai bune condi\u021bii posibile.<\/span>.<\/p>\t\t\t\t\t\t\t\t<\/div>\n\t\t\t\t<\/div>\n\t\t\t\t<\/div>\n\t\t\t\t\t<\/div>\n\t\t\t\t<\/div>\n\t\t<div class=\"elementor-element elementor-element-4460036c e-flex e-con-boxed e-con e-parent\" data-id=\"4460036c\" data-element_type=\"container\">\n\t\t\t\t\t<div class=\"e-con-inner\">\n\t\t\t\t<div class=\"elementor-element elementor-element-2fd8d296 elementor-widget elementor-widget-image-carousel\" data-id=\"2fd8d296\" data-element_type=\"widget\" data-settings=\"{&quot;slides_to_show&quot;:&quot;7&quot;,&quot;navigation&quot;:&quot;none&quot;,&quot;autoplay&quot;:&quot;yes&quot;,&quot;pause_on_hover&quot;:&quot;yes&quot;,&quot;pause_on_interaction&quot;:&quot;yes&quot;,&quot;autoplay_speed&quot;:5000,&quot;infinite&quot;:&quot;yes&quot;,&quot;speed&quot;:500}\" data-widget_type=\"image-carousel.default\">\n\t\t\t\t<div class=\"elementor-widget-container\">\n\t\t\t\t\t\t\t<div class=\"elementor-image-carousel-wrapper swiper\" role=\"region\" aria-roledescription=\"carousel\" aria-label=\"Image Carousel\" dir=\"ltr\">\n\t\t\t<div class=\"elementor-image-carousel swiper-wrapper\" aria-live=\"off\">\n\t\t\t\t\t\t\t\t<div class=\"swiper-slide\" role=\"group\" aria-roledescription=\"slide\" aria-label=\"1 of 18\"><figure class=\"swiper-slide-inner\"><img decoding=\"async\" class=\"swiper-slide-image\" src=\"https:\/\/cdelacontrol.ro\/app\/uploads\/2025\/02\/nl06.png\" alt=\"nl06\" \/><\/figure><\/div><div class=\"swiper-slide\" role=\"group\" aria-roledescription=\"slide\" aria-label=\"2 of 18\"><figure class=\"swiper-slide-inner\"><img decoding=\"async\" class=\"swiper-slide-image\" src=\"https:\/\/cdelacontrol.ro\/app\/uploads\/2025\/02\/nl08.png\" alt=\"nl08\" \/><\/figure><\/div><div class=\"swiper-slide\" role=\"group\" aria-roledescription=\"slide\" aria-label=\"3 of 18\"><figure class=\"swiper-slide-inner\"><img decoding=\"async\" class=\"swiper-slide-image\" src=\"https:\/\/cdelacontrol.ro\/app\/uploads\/2025\/02\/nl01.png\" alt=\"nl01\" \/><\/figure><\/div><div class=\"swiper-slide\" role=\"group\" aria-roledescription=\"slide\" aria-label=\"4 of 18\"><figure class=\"swiper-slide-inner\"><img decoding=\"async\" class=\"swiper-slide-image\" src=\"https:\/\/cdelacontrol.ro\/app\/uploads\/2025\/02\/nl02.png\" alt=\"nl02\" \/><\/figure><\/div><div class=\"swiper-slide\" role=\"group\" aria-roledescription=\"slide\" aria-label=\"5 of 18\"><figure class=\"swiper-slide-inner\"><img decoding=\"async\" class=\"swiper-slide-image\" src=\"https:\/\/cdelacontrol.ro\/app\/uploads\/2025\/02\/nl03.png\" alt=\"nl03\" \/><\/figure><\/div><div class=\"swiper-slide\" role=\"group\" aria-roledescription=\"slide\" aria-label=\"6 of 18\"><figure class=\"swiper-slide-inner\"><img decoding=\"async\" class=\"swiper-slide-image\" src=\"https:\/\/cdelacontrol.ro\/app\/uploads\/2025\/02\/nl18.png\" alt=\"nl18\" \/><\/figure><\/div><div class=\"swiper-slide\" role=\"group\" aria-roledescription=\"slide\" aria-label=\"7 of 18\"><figure class=\"swiper-slide-inner\"><img decoding=\"async\" class=\"swiper-slide-image\" src=\"https:\/\/cdelacontrol.ro\/app\/uploads\/2025\/02\/nl04.png\" alt=\"nl04\" \/><\/figure><\/div><div class=\"swiper-slide\" role=\"group\" aria-roledescription=\"slide\" aria-label=\"8 of 18\"><figure class=\"swiper-slide-inner\"><img decoding=\"async\" class=\"swiper-slide-image\" src=\"https:\/\/cdelacontrol.ro\/app\/uploads\/2025\/02\/nl16.png\" alt=\"nl16\" \/><\/figure><\/div><div class=\"swiper-slide\" role=\"group\" aria-roledescription=\"slide\" aria-label=\"9 of 18\"><figure class=\"swiper-slide-inner\"><img decoding=\"async\" class=\"swiper-slide-image\" src=\"https:\/\/cdelacontrol.ro\/app\/uploads\/2025\/02\/nl14.png\" alt=\"nl14\" \/><\/figure><\/div><div class=\"swiper-slide\" role=\"group\" aria-roledescription=\"slide\" aria-label=\"10 of 18\"><figure class=\"swiper-slide-inner\"><img decoding=\"async\" class=\"swiper-slide-image\" src=\"https:\/\/cdelacontrol.ro\/app\/uploads\/2025\/02\/nl17.png\" alt=\"nl17\" \/><\/figure><\/div><div class=\"swiper-slide\" role=\"group\" aria-roledescription=\"slide\" aria-label=\"11 of 18\"><figure class=\"swiper-slide-inner\"><img decoding=\"async\" class=\"swiper-slide-image\" src=\"https:\/\/cdelacontrol.ro\/app\/uploads\/2025\/04\/nl09-1.png\" alt=\"nl09\" \/><\/figure><\/div><div class=\"swiper-slide\" role=\"group\" aria-roledescription=\"slide\" aria-label=\"12 of 18\"><figure class=\"swiper-slide-inner\"><img decoding=\"async\" class=\"swiper-slide-image\" src=\"https:\/\/cdelacontrol.ro\/app\/uploads\/2025\/04\/nl11-1.png\" alt=\"nl11\" \/><\/figure><\/div><div class=\"swiper-slide\" role=\"group\" aria-roledescription=\"slide\" aria-label=\"13 of 18\"><figure class=\"swiper-slide-inner\"><img decoding=\"async\" class=\"swiper-slide-image\" src=\"https:\/\/cdelacontrol.ro\/app\/uploads\/2025\/04\/nl07-1.png\" alt=\"nl07\" \/><\/figure><\/div><div class=\"swiper-slide\" role=\"group\" aria-roledescription=\"slide\" aria-label=\"14 of 18\"><figure class=\"swiper-slide-inner\"><img decoding=\"async\" class=\"swiper-slide-image\" src=\"https:\/\/cdelacontrol.ro\/app\/uploads\/2025\/04\/nl10-1.png\" alt=\"nl10\" \/><\/figure><\/div><div class=\"swiper-slide\" role=\"group\" aria-roledescription=\"slide\" aria-label=\"15 of 18\"><figure class=\"swiper-slide-inner\"><img decoding=\"async\" class=\"swiper-slide-image\" src=\"https:\/\/cdelacontrol.ro\/app\/uploads\/2025\/04\/nl05-1.png\" alt=\"nl05\" \/><\/figure><\/div><div class=\"swiper-slide\" role=\"group\" aria-roledescription=\"slide\" aria-label=\"16 of 18\"><figure class=\"swiper-slide-inner\"><img decoding=\"async\" class=\"swiper-slide-image\" src=\"https:\/\/cdelacontrol.ro\/app\/uploads\/2025\/04\/nl15-1.png\" alt=\"nl15\" \/><\/figure><\/div><div class=\"swiper-slide\" role=\"group\" aria-roledescription=\"slide\" aria-label=\"17 of 18\"><figure class=\"swiper-slide-inner\"><img decoding=\"async\" class=\"swiper-slide-image\" src=\"https:\/\/cdelacontrol.ro\/app\/uploads\/2025\/04\/nl13-1.png\" alt=\"nl13\" \/><\/figure><\/div><div class=\"swiper-slide\" role=\"group\" aria-roledescription=\"slide\" aria-label=\"18 of 18\"><figure class=\"swiper-slide-inner\"><img decoding=\"async\" class=\"swiper-slide-image\" src=\"https:\/\/cdelacontrol.ro\/app\/uploads\/2025\/04\/nl12-1.png\" alt=\"nl12\" \/><\/figure><\/div>\t\t\t<\/div>\n\t\t\t\t\t\t\t\n\t\t\t\t\t\t\t\t\t<\/div>\n\t\t\t\t\t\t<\/div>\n\t\t\t\t<\/div>\n\t\t\t\t\t<\/div>\n\t\t\t\t<\/div>\n\t\t\t\t<\/div>\n\t\t","protected":false},"excerpt":{"rendered":"<p>CANCERUL UROTELIAL Diagnosticul primit nu trebuie s\u0103 te sperie. Al\u0103turi de tine sunt pacien\u0163i care au luptat cu succes \u00eempotriva bolii \u015fi \u00eemp\u0103rt\u0103\u015fesc cu tine povestea lor. Vezi mai jos cum au reu\u015fit s\u0103 dep\u0103\u015feasc\u0103 aceast\u0103 perioad\u0103.http:\/\/cdelacontrol.ro\/app\/uploads\/2025\/04\/cancer_urotelial_florica_tudor.mp4 Florica Tudor a trecut printr-o opera\u021bie de 10 ore, \u00een care a intrat cu foarte pu\u021bin\u0103 speran\u021b\u0103. Dar [&hellip;]<\/p>\n","protected":false},"author":1,"featured_media":0,"parent":0,"menu_order":0,"comment_status":"closed","ping_status":"closed","template":"","meta":{"footnotes":""},"class_list":["post-252","page","type-page","status-publish","hentry"],"_links":{"self":[{"href":"https:\/\/cdelacontrol.ro\/index.php\/wp-json\/wp\/v2\/pages\/252","targetHints":{"allow":["GET"]}}],"collection":[{"href":"https:\/\/cdelacontrol.ro\/index.php\/wp-json\/wp\/v2\/pages"}],"about":[{"href":"https:\/\/cdelacontrol.ro\/index.php\/wp-json\/wp\/v2\/types\/page"}],"author":[{"embeddable":true,"href":"https:\/\/cdelacontrol.ro\/index.php\/wp-json\/wp\/v2\/users\/1"}],"replies":[{"embeddable":true,"href":"https:\/\/cdelacontrol.ro\/index.php\/wp-json\/wp\/v2\/comments?post=252"}],"version-history":[{"count":22,"href":"https:\/\/cdelacontrol.ro\/index.php\/wp-json\/wp\/v2\/pages\/252\/revisions"}],"predecessor-version":[{"id":1052,"href":"https:\/\/cdelacontrol.ro\/index.php\/wp-json\/wp\/v2\/pages\/252\/revisions\/1052"}],"wp:attachment":[{"href":"https:\/\/cdelacontrol.ro\/index.php\/wp-json\/wp\/v2\/media?parent=252"}],"curies":[{"name":"wp","href":"https:\/\/api.w.org\/{rel}","templated":true}]}}