{"id":39,"date":"2025-01-30T11:08:37","date_gmt":"2025-01-30T11:08:37","guid":{"rendered":"https:\/\/dev.cdelacontrol.ro\/index.php\/home\/"},"modified":"2025-10-07T13:18:26","modified_gmt":"2025-10-07T13:18:26","slug":"home","status":"publish","type":"page","link":"https:\/\/cdelacontrol.ro\/","title":{"rendered":"Home"},"content":{"rendered":"\t\t<div data-elementor-type=\"wp-page\" data-elementor-id=\"39\" class=\"elementor elementor-39\">\n\t\t\t\t<div class=\"elementor-element elementor-element-d5cfde3 e-con-full e-flex e-con e-parent\" data-id=\"d5cfde3\" data-element_type=\"container\" data-settings=\"{&quot;background_background&quot;:&quot;classic&quot;}\">\n\t\t\t\t<div class=\"elementor-element elementor-element-c768b7f elementor-widget__width-initial elementor-widget elementor-widget-video\" data-id=\"c768b7f\" data-element_type=\"widget\" data-settings=\"{&quot;video_type&quot;:&quot;hosted&quot;,&quot;autoplay&quot;:&quot;yes&quot;,&quot;mute&quot;:&quot;yes&quot;,&quot;loop&quot;:&quot;yes&quot;,&quot;play_on_mobile&quot;:&quot;yes&quot;,&quot;controls&quot;:&quot;yes&quot;}\" data-widget_type=\"video.default\">\n\t\t\t\t<div class=\"elementor-widget-container\">\n\t\t\t\t\t\t\t<div class=\"e-hosted-video elementor-wrapper elementor-open-inline\">\n\t\t\t\t\t<video class=\"elementor-video\" src=\"http:\/\/cdelacontrol.ro\/app\/uploads\/2025\/04\/roche-breast-web_1.mp4\" autoplay=\"\" loop=\"\" controls=\"\" muted=\"muted\" playsinline=\"\" controlsList=\"nodownload\"><\/video>\n\t\t\t\t<\/div>\n\t\t\t\t\t\t<\/div>\n\t\t\t\t<\/div>\n\t\t\t\t<\/div>\n\t\t<div class=\"elementor-element elementor-element-2cecc2d e-con-full e-flex e-con e-parent\" data-id=\"2cecc2d\" data-element_type=\"container\" data-settings=\"{&quot;background_background&quot;:&quot;classic&quot;}\">\n\t\t<div class=\"elementor-element elementor-element-d36559c e-con-full e-flex e-con e-child\" data-id=\"d36559c\" data-element_type=\"container\">\n\t\t<div class=\"elementor-element elementor-element-231d29d e-con-full e-flex e-con e-child\" data-id=\"231d29d\" data-element_type=\"container\">\n\t\t\t\t<div class=\"elementor-element elementor-element-e3dbe48 elementor-widget elementor-widget-heading\" data-id=\"e3dbe48\" data-element_type=\"widget\" data-widget_type=\"heading.default\">\n\t\t\t\t<div class=\"elementor-widget-container\">\n\t\t\t\t\t<h2 class=\"elementor-heading-title elementor-size-default\"><h2 style=\"margin-top: 0px;margin-bottom: 25px;font-family: Verdana, Geneva, sans-serif;font-weight: bold;color: white;font-size: 32px\">Ai ajuns la<br>C de la Control!<\/h2><\/h2>\t\t\t\t<\/div>\n\t\t\t\t<\/div>\n\t\t\t\t<\/div>\n\t\t<div class=\"elementor-element elementor-element-67d9f32 e-con-full e-flex e-con e-child\" data-id=\"67d9f32\" data-element_type=\"container\">\n\t\t\t\t<div class=\"elementor-element elementor-element-4d03fd4 elementor-widget elementor-widget-text-editor\" data-id=\"4d03fd4\" data-element_type=\"widget\" data-widget_type=\"text-editor.default\">\n\t\t\t\t<div class=\"elementor-widget-container\">\n\t\t\t\t\t\t\t\t\t<p style=\"margin-top: 0px; margin-bottom: 1rem; color: #ffffff; font-family: Verdana, Geneva, sans-serif; font-size: 14px;\">Ai aflat de cur\u00e2nd c\u0103 diagnosticul t\u0103u este cancer? Sau cineva drag trece prin aceast\u0103 situa\u021bie? Probabil te sim\u021bi confuz, cople\u0219it, frustrat, speriat, trist sau chiar toate la un loc. Drumul pe care \u00eel ai de parcurs de acum \u00eenainte pare \u00eensp\u0103im\u00e2nt\u0103tor, dar tu ai mai mult\u0103 putere dec\u00e2t \u0219tii. Ai puterea s\u0103-\u021bi recape\u021bi senza\u021bia de control asupra vie\u021bii tale. Asupra timpului. Chiar \u0219i asupra cancerului.<\/p><p style=\"margin-top: 0px; margin-bottom: 1rem; color: #ffffff; font-family: Verdana, Geneva, sans-serif; font-size: 14px;\">Aici e locul \u00een care po\u021bi s\u0103 te informezi despre preven\u021bie \u0219i tratament. S\u0103 accesezi re\u021beaua de medici, preg\u0103ti\u021bi s\u0103-\u021bi ofere suport \u0219i recomand\u0103ri. S\u0103 afli pove\u0219tile altor oameni care au c\u00e2\u0219tigat b\u0103t\u0103lia. S\u0103 cite\u0219ti toate informa\u021biile necesare pentru ca tu s\u0103 te sim\u021bi \u00een CONTROL!<\/p>\t\t\t\t\t\t\t\t<\/div>\n\t\t\t\t<\/div>\n\t\t\t\t<\/div>\n\t\t\t\t<\/div>\n\t\t<div class=\"elementor-element elementor-element-198d100 e-con-full e-flex e-con e-child\" data-id=\"198d100\" data-element_type=\"container\">\n\t\t\t\t<div class=\"elementor-element elementor-element-f2436a5 elementor-widget__width-initial elementor-widget-mobile__width-inherit elementor-widget elementor-widget-text-editor\" data-id=\"f2436a5\" data-element_type=\"widget\" data-widget_type=\"text-editor.default\">\n\t\t\t\t<div class=\"elementor-widget-container\">\n\t\t\t\t\t\t\t\t\t<pre style=\"font-family: TimesNewRoman, 'Times New Roman', Times, Baskerville, Georgia, serif; font-size: 50px; font-weight: bold; line-height: 48px;\">E \u00een regul\u0103 s\u0103-\u021bi fie fric\u0103<\/pre>\t\t\t\t\t\t\t\t<\/div>\n\t\t\t\t<\/div>\n\t\t\t\t<\/div>\n\t\t\t\t<\/div>\n\t\t<div class=\"elementor-element elementor-element-6782aae e-flex e-con-boxed e-con e-parent\" data-id=\"6782aae\" data-element_type=\"container\" data-settings=\"{&quot;background_background&quot;:&quot;classic&quot;}\">\n\t\t\t\t\t<div class=\"e-con-inner\">\n\t\t<div class=\"elementor-element elementor-element-3105168 e-con-full e-flex e-con e-child\" data-id=\"3105168\" data-element_type=\"container\">\n\t\t\t\t<div class=\"elementor-element elementor-element-f4eba08 elementor-widget elementor-widget-image\" data-id=\"f4eba08\" data-element_type=\"widget\" data-widget_type=\"image.default\">\n\t\t\t\t<div class=\"elementor-widget-container\">\n\t\t\t\t\t\t\t\t\t\t\t\t\t\t\t<img fetchpriority=\"high\" decoding=\"async\" width=\"367\" height=\"328\" src=\"https:\/\/cdelacontrol.ro\/app\/uploads\/2025\/02\/01.png\" class=\"attachment-large size-large wp-image-488\" alt=\"\" srcset=\"https:\/\/cdelacontrol.ro\/app\/uploads\/2025\/02\/01.png 367w, https:\/\/cdelacontrol.ro\/app\/uploads\/2025\/02\/01-300x268.png 300w\" sizes=\"(max-width: 367px) 100vw, 367px\" \/>\t\t\t\t\t\t\t\t\t\t\t\t\t\t\t<\/div>\n\t\t\t\t<\/div>\n\t\t\t\t<div class=\"elementor-element elementor-element-423db6f elementor-widget elementor-widget-text-editor\" data-id=\"423db6f\" data-element_type=\"widget\" data-widget_type=\"text-editor.default\">\n\t\t\t\t<div class=\"elementor-widget-container\">\n\t\t\t\t\t\t\t\t\t<h3 style=\"margin-top: 0px; margin-bottom: 0.5rem; font-family: Verdana, Geneva, sans-serif; font-weight: bold; line-height: 33px; color: #0066cc; font-size: 28px;\">3000 de cazuri de cancer pulmonar<\/h3><p><span style=\"color: #0066cc; font-family: Verdana, Geneva, sans-serif; font-size: 21px;\">au trecut nedetectate de la \u00eenceputul pandemiei doar \u00een Rom\u00e2nia.<\/span><\/p>\t\t\t\t\t\t\t\t<\/div>\n\t\t\t\t<\/div>\n\t\t\t\t<div class=\"elementor-element elementor-element-f31ee8a elementor-widget elementor-widget-spacer\" data-id=\"f31ee8a\" data-element_type=\"widget\" data-widget_type=\"spacer.default\">\n\t\t\t\t<div class=\"elementor-widget-container\">\n\t\t\t\t\t\t\t<div class=\"elementor-spacer\">\n\t\t\t<div class=\"elementor-spacer-inner\"><\/div>\n\t\t<\/div>\n\t\t\t\t\t\t<\/div>\n\t\t\t\t<\/div>\n\t\t\t\t<div class=\"elementor-element elementor-element-0497d40 elementor-hidden-tablet elementor-hidden-mobile elementor-widget elementor-widget-image\" data-id=\"0497d40\" data-element_type=\"widget\" data-widget_type=\"image.default\">\n\t\t\t\t<div class=\"elementor-widget-container\">\n\t\t\t\t\t\t\t\t\t\t\t\t\t\t\t<img decoding=\"async\" width=\"560\" height=\"147\" src=\"https:\/\/cdelacontrol.ro\/app\/uploads\/2025\/02\/plane.png\" class=\"attachment-large size-large wp-image-444\" alt=\"\" srcset=\"https:\/\/cdelacontrol.ro\/app\/uploads\/2025\/02\/plane.png 560w, https:\/\/cdelacontrol.ro\/app\/uploads\/2025\/02\/plane-300x79.png 300w\" sizes=\"(max-width: 560px) 100vw, 560px\" \/>\t\t\t\t\t\t\t\t\t\t\t\t\t\t\t<\/div>\n\t\t\t\t<\/div>\n\t\t\t\t<\/div>\n\t\t<div class=\"elementor-element elementor-element-fa703d5 e-con-full e-flex e-con e-child\" data-id=\"fa703d5\" data-element_type=\"container\">\n\t\t\t\t<div class=\"elementor-element elementor-element-1291d36 elementor-widget elementor-widget-image\" data-id=\"1291d36\" data-element_type=\"widget\" data-widget_type=\"image.default\">\n\t\t\t\t<div class=\"elementor-widget-container\">\n\t\t\t\t\t\t\t\t\t\t\t\t\t\t\t<img decoding=\"async\" width=\"367\" height=\"328\" src=\"https:\/\/cdelacontrol.ro\/app\/uploads\/2025\/02\/02.png\" class=\"attachment-large size-large wp-image-489\" alt=\"\" srcset=\"https:\/\/cdelacontrol.ro\/app\/uploads\/2025\/02\/02.png 367w, https:\/\/cdelacontrol.ro\/app\/uploads\/2025\/02\/02-300x268.png 300w\" sizes=\"(max-width: 367px) 100vw, 367px\" \/>\t\t\t\t\t\t\t\t\t\t\t\t\t\t\t<\/div>\n\t\t\t\t<\/div>\n\t\t\t\t<div class=\"elementor-element elementor-element-f2ff249 elementor-widget elementor-widget-text-editor\" data-id=\"f2ff249\" data-element_type=\"widget\" data-widget_type=\"text-editor.default\">\n\t\t\t\t<div class=\"elementor-widget-container\">\n\t\t\t\t\t\t\t\t\t<p><span style=\"color: #0066cc; font-family: Verdana, Geneva, sans-serif; font-size: 21px;\">\u00a0<\/span><\/p><p><span style=\"color: #0066cc; font-family: Verdana, Geneva, sans-serif; font-size: 21px;\">Depistarea cancerului de vezic\u0103 \u00een faz\u0103 incipient\u0103<\/span><\/p><h3 style=\"margin-top: 0px; margin-bottom: 0.5rem; font-family: Verdana, Geneva, sans-serif; font-weight: bold; line-height: 33px; color: #0066cc; font-size: 28px;\">cre\u0219te de 4 ori \u0219ansele de supravie\u021buire,<\/h3><p><span style=\"color: #0066cc; font-family: Verdana, Geneva, sans-serif; font-size: 21px;\">chiar \u0219i \u00een pandemie.<\/span><\/p>\t\t\t\t\t\t\t\t<\/div>\n\t\t\t\t<\/div>\n\t\t\t\t<div class=\"elementor-element elementor-element-a61c540 elementor-widget elementor-widget-spacer\" data-id=\"a61c540\" data-element_type=\"widget\" data-widget_type=\"spacer.default\">\n\t\t\t\t<div class=\"elementor-widget-container\">\n\t\t\t\t\t\t\t<div class=\"elementor-spacer\">\n\t\t\t<div class=\"elementor-spacer-inner\"><\/div>\n\t\t<\/div>\n\t\t\t\t\t\t<\/div>\n\t\t\t\t<\/div>\n\t\t\t\t<div class=\"elementor-element elementor-element-73ff5cd elementor-hidden-tablet elementor-hidden-mobile elementor-widget elementor-widget-image\" data-id=\"73ff5cd\" data-element_type=\"widget\" data-widget_type=\"image.default\">\n\t\t\t\t<div class=\"elementor-widget-container\">\n\t\t\t\t\t\t\t\t\t\t\t\t\t\t\t<img loading=\"lazy\" decoding=\"async\" width=\"266\" height=\"188\" src=\"https:\/\/cdelacontrol.ro\/app\/uploads\/2025\/02\/map.png\" class=\"attachment-large size-large wp-image-443\" alt=\"\" \/>\t\t\t\t\t\t\t\t\t\t\t\t\t\t\t<\/div>\n\t\t\t\t<\/div>\n\t\t\t\t<\/div>\n\t\t<div class=\"elementor-element elementor-element-5010393 e-con-full e-flex e-con e-child\" data-id=\"5010393\" data-element_type=\"container\">\n\t\t\t\t<div class=\"elementor-element elementor-element-6d151b4 elementor-widget elementor-widget-image\" data-id=\"6d151b4\" data-element_type=\"widget\" data-widget_type=\"image.default\">\n\t\t\t\t<div class=\"elementor-widget-container\">\n\t\t\t\t\t\t\t\t\t\t\t\t\t\t\t<img loading=\"lazy\" decoding=\"async\" width=\"367\" height=\"328\" src=\"https:\/\/cdelacontrol.ro\/app\/uploads\/2025\/02\/03.png\" class=\"attachment-large size-large wp-image-490\" alt=\"\" srcset=\"https:\/\/cdelacontrol.ro\/app\/uploads\/2025\/02\/03.png 367w, https:\/\/cdelacontrol.ro\/app\/uploads\/2025\/02\/03-300x268.png 300w\" sizes=\"(max-width: 367px) 100vw, 367px\" \/>\t\t\t\t\t\t\t\t\t\t\t\t\t\t\t<\/div>\n\t\t\t\t<\/div>\n\t\t\t\t<div class=\"elementor-element elementor-element-21da0ed elementor-widget elementor-widget-text-editor\" data-id=\"21da0ed\" data-element_type=\"widget\" data-widget_type=\"text-editor.default\">\n\t\t\t\t<div class=\"elementor-widget-container\">\n\t\t\t\t\t\t\t\t\t<p><span style=\"color: #0066cc; font-family: Verdana, Geneva, sans-serif; font-size: 21px;\">\u00a0<\/span><\/p><p><span style=\"color: #0066cc; font-family: Verdana, Geneva, sans-serif; font-size: 21px;\">Mai t\u0103cut ca o pandemie, cancerul la s\u00e2n poate afecta orice femeie, dar dac\u0103 e depistat din timp,<\/span><\/p><h3 style=\"margin-top: 0px; margin-bottom: 0.5rem; font-family: Verdana, Geneva, sans-serif; font-weight: bold; line-height: 33px; color: #0066cc; font-size: 28px;\">\u00een 75% dintre cazuri, povestea se schimb\u0103 spre bine.<\/h3>\t\t\t\t\t\t\t\t<\/div>\n\t\t\t\t<\/div>\n\t\t\t\t<div class=\"elementor-element elementor-element-b816d73 elementor-widget elementor-widget-spacer\" data-id=\"b816d73\" data-element_type=\"widget\" data-widget_type=\"spacer.default\">\n\t\t\t\t<div class=\"elementor-widget-container\">\n\t\t\t\t\t\t\t<div class=\"elementor-spacer\">\n\t\t\t<div class=\"elementor-spacer-inner\"><\/div>\n\t\t<\/div>\n\t\t\t\t\t\t<\/div>\n\t\t\t\t<\/div>\n\t\t\t\t<div class=\"elementor-element elementor-element-c1c3743 elementor-hidden-tablet elementor-hidden-mobile elementor-widget elementor-widget-text-editor\" data-id=\"c1c3743\" data-element_type=\"widget\" data-widget_type=\"text-editor.default\">\n\t\t\t\t<div class=\"elementor-widget-container\">\n\t\t\t\t\t\t\t\t\t<p><span style=\"font-weight: bolder; color: #0066cc; font-family: Verdana, Geneva, sans-serif;\">F\u0103-\u021bi curaj din fric\u0103 \u0219i mergi la control!<\/span><br style=\"color: #0066cc; font-family: Verdana, Geneva, sans-serif;\" \/><span style=\"color: #0066cc; font-family: Verdana, Geneva, sans-serif;\">Caut\u0103 pe hart\u0103 centrele oncologice din ora\u0219ul t\u0103u \u0219i medicii speciali\u0219ti care te pot ajuta.<\/span><br style=\"color: #0066cc; font-family: Verdana, Geneva, sans-serif;\" \/><a class=\"more\" style=\"color: #0066cc; text-transform: uppercase; font-weight: bold; font-size: 14px; margin-top: 10px; display: block; font-family: Verdana, Geneva, sans-serif;\" href=\"https:\/\/cdelacontrol.ro\/index.php\/medici\/\">Vezi harta\u00a0\u2b95<\/a><\/p>\t\t\t\t\t\t\t\t<\/div>\n\t\t\t\t<\/div>\n\t\t\t\t<\/div>\n\t\t\t\t\t<\/div>\n\t\t\t\t<\/div>\n\t\t<div class=\"elementor-element elementor-element-7a2330fe elementor-hidden-desktop elementor-hidden-tablet e-flex e-con-boxed e-con e-parent\" data-id=\"7a2330fe\" data-element_type=\"container\" data-settings=\"{&quot;background_background&quot;:&quot;classic&quot;}\">\n\t\t\t\t\t<div class=\"e-con-inner\">\n\t\t<div class=\"elementor-element elementor-element-41c2a44 e-con-full e-flex e-con e-child\" data-id=\"41c2a44\" data-element_type=\"container\">\n\t\t\t\t<div class=\"elementor-element elementor-element-47567ccf elementor-widget elementor-widget-image\" data-id=\"47567ccf\" data-element_type=\"widget\" data-widget_type=\"image.default\">\n\t\t\t\t<div class=\"elementor-widget-container\">\n\t\t\t\t\t\t\t\t\t\t\t\t\t\t\t<img decoding=\"async\" width=\"560\" height=\"147\" src=\"https:\/\/cdelacontrol.ro\/app\/uploads\/2025\/02\/plane.png\" class=\"attachment-large size-large wp-image-444\" alt=\"\" srcset=\"https:\/\/cdelacontrol.ro\/app\/uploads\/2025\/02\/plane.png 560w, https:\/\/cdelacontrol.ro\/app\/uploads\/2025\/02\/plane-300x79.png 300w\" sizes=\"(max-width: 560px) 100vw, 560px\" \/>\t\t\t\t\t\t\t\t\t\t\t\t\t\t\t<\/div>\n\t\t\t\t<\/div>\n\t\t\t\t<\/div>\n\t\t<div class=\"elementor-element elementor-element-1244c083 e-con-full e-flex e-con e-child\" data-id=\"1244c083\" data-element_type=\"container\">\n\t\t\t\t<div class=\"elementor-element elementor-element-c6b19e6 elementor-widget elementor-widget-image\" data-id=\"c6b19e6\" data-element_type=\"widget\" data-widget_type=\"image.default\">\n\t\t\t\t<div class=\"elementor-widget-container\">\n\t\t\t\t\t\t\t\t\t\t\t\t\t\t\t<img loading=\"lazy\" decoding=\"async\" width=\"266\" height=\"188\" src=\"https:\/\/cdelacontrol.ro\/app\/uploads\/2025\/02\/map.png\" class=\"attachment-large size-large wp-image-443\" alt=\"\" \/>\t\t\t\t\t\t\t\t\t\t\t\t\t\t\t<\/div>\n\t\t\t\t<\/div>\n\t\t\t\t<\/div>\n\t\t<div class=\"elementor-element elementor-element-22ff83c7 e-con-full e-flex e-con e-child\" data-id=\"22ff83c7\" data-element_type=\"container\">\n\t\t\t\t<div class=\"elementor-element elementor-element-6de951fe elementor-widget elementor-widget-text-editor\" data-id=\"6de951fe\" data-element_type=\"widget\" data-widget_type=\"text-editor.default\">\n\t\t\t\t<div class=\"elementor-widget-container\">\n\t\t\t\t\t\t\t\t\t<span style=\"font-weight: bolder; color: #0066cc; font-family: Verdana, Geneva, sans-serif;\">F\u0103-\u021bi curaj din fric\u0103 \u0219i mergi la control!<\/span><br style=\"color: #0066cc; font-family: Verdana, Geneva, sans-serif;\" \/><span style=\"color: #0066cc; font-family: Verdana, Geneva, sans-serif;\">Caut\u0103 pe hart\u0103 centrele oncologice din ora\u0219ul t\u0103u \u0219i medicii speciali\u0219ti care te pot ajuta.<\/span><br style=\"color: #0066cc; font-family: Verdana, Geneva, sans-serif;\" \/><a class=\"more\" style=\"color: #0066cc; text-transform: uppercase; font-weight: bold; font-size: 14px; margin-top: 10px; display: block; font-family: Verdana, Geneva, sans-serif;\" href=\"https:\/\/dev.cdelacontrol.ro\/index.php\/medici\/\">Vezi harta\u00a0\ud83e\udc32<\/a>\t\t\t\t\t\t\t\t<\/div>\n\t\t\t\t<\/div>\n\t\t\t\t<\/div>\n\t\t\t\t\t<\/div>\n\t\t\t\t<\/div>\n\t\t<div class=\"elementor-element elementor-element-4b55221 e-flex e-con-boxed e-con e-parent\" data-id=\"4b55221\" data-element_type=\"container\" data-settings=\"{&quot;background_background&quot;:&quot;classic&quot;}\">\n\t\t\t\t\t<div class=\"e-con-inner\">\n\t\t<div class=\"elementor-element elementor-element-defb3a7 e-con-full e-flex e-con e-child\" data-id=\"defb3a7\" data-element_type=\"container\">\n\t\t\t\t<div class=\"elementor-element elementor-element-d6c5b2a elementor-widget elementor-widget-image\" data-id=\"d6c5b2a\" data-element_type=\"widget\" data-widget_type=\"image.default\">\n\t\t\t\t<div class=\"elementor-widget-container\">\n\t\t\t\t\t\t\t\t\t\t\t\t\t\t\t<img loading=\"lazy\" decoding=\"async\" width=\"164\" height=\"85\" src=\"https:\/\/cdelacontrol.ro\/app\/uploads\/2025\/02\/logo-roche.png\" class=\"attachment-large size-large wp-image-445\" alt=\"\" \/>\t\t\t\t\t\t\t\t\t\t\t\t\t\t\t<\/div>\n\t\t\t\t<\/div>\n\t\t\t\t<\/div>\n\t\t<div class=\"elementor-element elementor-element-310d914 e-con-full e-flex e-con e-child\" data-id=\"310d914\" data-element_type=\"container\">\n\t\t\t\t<div class=\"elementor-element elementor-element-a9f7483 elementor-widget elementor-widget-text-editor\" data-id=\"a9f7483\" data-element_type=\"widget\" data-widget_type=\"text-editor.default\">\n\t\t\t\t<div class=\"elementor-widget-container\">\n\t\t\t\t\t\t\t\t\t<p><span style=\"color: #ffffff; font-family: Verdana, Geneva, sans-serif; font-size: 14px; font-style: var( --e-global-typography-text-font-style ); font-weight: var( --e-global-typography-text-font-weight ); letter-spacing: var( --e-global-typography-text-letter-spacing ); text-transform: var( --e-global-typography-text-text-transform ); text-align: var(--text-align);\">Roche este unul din pionerii globali ai industriei farmaceutice \u0219i de diagnostic, ce inoveaz\u0103 continuu cu scopul de a \u00eembun\u0103t\u0103\u021bi via\u021ba oamenilor. Sinergia dintre diviziile de Farmaceutice \u015fi Diagnostic au transformat Roche \u00een lider global al medicinii personalizate, o strategie care \u00ee\u0219i propune s\u0103 ofere tratamentul potrivit pentru pacientul potrivit, \u00een cele mai bune condi\u021bii posibile.<\/span>.<\/p>\t\t\t\t\t\t\t\t<\/div>\n\t\t\t\t<\/div>\n\t\t\t\t<\/div>\n\t\t\t\t\t<\/div>\n\t\t\t\t<\/div>\n\t\t<div class=\"elementor-element elementor-element-87730a2 e-flex e-con-boxed e-con e-parent\" data-id=\"87730a2\" data-element_type=\"container\">\n\t\t\t\t\t<div class=\"e-con-inner\">\n\t\t\t\t<div class=\"elementor-element elementor-element-7256ecc elementor-widget elementor-widget-image-carousel\" data-id=\"7256ecc\" data-element_type=\"widget\" data-settings=\"{&quot;slides_to_show&quot;:&quot;7&quot;,&quot;navigation&quot;:&quot;none&quot;,&quot;autoplay&quot;:&quot;yes&quot;,&quot;pause_on_hover&quot;:&quot;yes&quot;,&quot;pause_on_interaction&quot;:&quot;yes&quot;,&quot;autoplay_speed&quot;:5000,&quot;infinite&quot;:&quot;yes&quot;,&quot;speed&quot;:500}\" data-widget_type=\"image-carousel.default\">\n\t\t\t\t<div class=\"elementor-widget-container\">\n\t\t\t\t\t\t\t<div class=\"elementor-image-carousel-wrapper swiper\" role=\"region\" aria-roledescription=\"carousel\" aria-label=\"Image Carousel\" dir=\"ltr\">\n\t\t\t<div class=\"elementor-image-carousel swiper-wrapper\" aria-live=\"off\">\n\t\t\t\t\t\t\t\t<div class=\"swiper-slide\" role=\"group\" aria-roledescription=\"slide\" aria-label=\"1 of 18\"><figure class=\"swiper-slide-inner\"><img decoding=\"async\" class=\"swiper-slide-image\" src=\"https:\/\/cdelacontrol.ro\/app\/uploads\/2025\/02\/nl06.png\" alt=\"nl06\" \/><\/figure><\/div><div class=\"swiper-slide\" role=\"group\" aria-roledescription=\"slide\" aria-label=\"2 of 18\"><figure class=\"swiper-slide-inner\"><img decoding=\"async\" class=\"swiper-slide-image\" src=\"https:\/\/cdelacontrol.ro\/app\/uploads\/2025\/02\/nl08.png\" alt=\"nl08\" \/><\/figure><\/div><div class=\"swiper-slide\" role=\"group\" aria-roledescription=\"slide\" aria-label=\"3 of 18\"><figure class=\"swiper-slide-inner\"><img decoding=\"async\" class=\"swiper-slide-image\" src=\"https:\/\/cdelacontrol.ro\/app\/uploads\/2025\/02\/nl01.png\" alt=\"nl01\" \/><\/figure><\/div><div class=\"swiper-slide\" role=\"group\" aria-roledescription=\"slide\" aria-label=\"4 of 18\"><figure class=\"swiper-slide-inner\"><img decoding=\"async\" class=\"swiper-slide-image\" src=\"https:\/\/cdelacontrol.ro\/app\/uploads\/2025\/02\/nl02.png\" alt=\"nl02\" \/><\/figure><\/div><div class=\"swiper-slide\" role=\"group\" aria-roledescription=\"slide\" aria-label=\"5 of 18\"><figure class=\"swiper-slide-inner\"><img decoding=\"async\" class=\"swiper-slide-image\" src=\"https:\/\/cdelacontrol.ro\/app\/uploads\/2025\/02\/nl03.png\" alt=\"nl03\" \/><\/figure><\/div><div class=\"swiper-slide\" role=\"group\" aria-roledescription=\"slide\" aria-label=\"6 of 18\"><figure class=\"swiper-slide-inner\"><img decoding=\"async\" class=\"swiper-slide-image\" src=\"https:\/\/cdelacontrol.ro\/app\/uploads\/2025\/02\/nl18.png\" alt=\"nl18\" \/><\/figure><\/div><div class=\"swiper-slide\" role=\"group\" aria-roledescription=\"slide\" aria-label=\"7 of 18\"><figure class=\"swiper-slide-inner\"><img decoding=\"async\" class=\"swiper-slide-image\" src=\"https:\/\/cdelacontrol.ro\/app\/uploads\/2025\/02\/nl04.png\" alt=\"nl04\" \/><\/figure><\/div><div class=\"swiper-slide\" role=\"group\" aria-roledescription=\"slide\" aria-label=\"8 of 18\"><figure class=\"swiper-slide-inner\"><img decoding=\"async\" class=\"swiper-slide-image\" src=\"https:\/\/cdelacontrol.ro\/app\/uploads\/2025\/02\/nl16.png\" alt=\"nl16\" \/><\/figure><\/div><div class=\"swiper-slide\" role=\"group\" aria-roledescription=\"slide\" aria-label=\"9 of 18\"><figure class=\"swiper-slide-inner\"><img decoding=\"async\" class=\"swiper-slide-image\" src=\"https:\/\/cdelacontrol.ro\/app\/uploads\/2025\/02\/nl14.png\" alt=\"nl14\" \/><\/figure><\/div><div class=\"swiper-slide\" role=\"group\" aria-roledescription=\"slide\" aria-label=\"10 of 18\"><figure class=\"swiper-slide-inner\"><img decoding=\"async\" class=\"swiper-slide-image\" src=\"https:\/\/cdelacontrol.ro\/app\/uploads\/2025\/02\/nl17.png\" alt=\"nl17\" \/><\/figure><\/div><div class=\"swiper-slide\" role=\"group\" aria-roledescription=\"slide\" aria-label=\"11 of 18\"><figure class=\"swiper-slide-inner\"><img decoding=\"async\" class=\"swiper-slide-image\" src=\"https:\/\/cdelacontrol.ro\/app\/uploads\/2025\/04\/nl09.png\" alt=\"nl09\" \/><\/figure><\/div><div class=\"swiper-slide\" role=\"group\" aria-roledescription=\"slide\" aria-label=\"12 of 18\"><figure class=\"swiper-slide-inner\"><img decoding=\"async\" class=\"swiper-slide-image\" src=\"https:\/\/cdelacontrol.ro\/app\/uploads\/2025\/04\/nl11.png\" alt=\"nl11\" \/><\/figure><\/div><div class=\"swiper-slide\" role=\"group\" aria-roledescription=\"slide\" aria-label=\"13 of 18\"><figure class=\"swiper-slide-inner\"><img decoding=\"async\" class=\"swiper-slide-image\" src=\"https:\/\/cdelacontrol.ro\/app\/uploads\/2025\/04\/nl07.png\" alt=\"nl07\" \/><\/figure><\/div><div class=\"swiper-slide\" role=\"group\" aria-roledescription=\"slide\" aria-label=\"14 of 18\"><figure class=\"swiper-slide-inner\"><img decoding=\"async\" class=\"swiper-slide-image\" src=\"https:\/\/cdelacontrol.ro\/app\/uploads\/2025\/04\/nl10.png\" alt=\"nl10\" \/><\/figure><\/div><div class=\"swiper-slide\" role=\"group\" aria-roledescription=\"slide\" aria-label=\"15 of 18\"><figure class=\"swiper-slide-inner\"><img decoding=\"async\" class=\"swiper-slide-image\" src=\"https:\/\/cdelacontrol.ro\/app\/uploads\/2025\/04\/nl05.png\" alt=\"nl05\" \/><\/figure><\/div><div class=\"swiper-slide\" role=\"group\" aria-roledescription=\"slide\" aria-label=\"16 of 18\"><figure class=\"swiper-slide-inner\"><img decoding=\"async\" class=\"swiper-slide-image\" src=\"https:\/\/cdelacontrol.ro\/app\/uploads\/2025\/04\/nl15.png\" alt=\"nl15\" \/><\/figure><\/div><div class=\"swiper-slide\" role=\"group\" aria-roledescription=\"slide\" aria-label=\"17 of 18\"><figure class=\"swiper-slide-inner\"><img decoding=\"async\" class=\"swiper-slide-image\" src=\"https:\/\/cdelacontrol.ro\/app\/uploads\/2025\/04\/nl13.png\" alt=\"nl13\" \/><\/figure><\/div><div class=\"swiper-slide\" role=\"group\" aria-roledescription=\"slide\" aria-label=\"18 of 18\"><figure class=\"swiper-slide-inner\"><img decoding=\"async\" class=\"swiper-slide-image\" src=\"https:\/\/cdelacontrol.ro\/app\/uploads\/2025\/04\/nl12.png\" alt=\"nl12\" \/><\/figure><\/div>\t\t\t<\/div>\n\t\t\t\t\t\t\t\n\t\t\t\t\t\t\t\t\t<\/div>\n\t\t\t\t\t\t<\/div>\n\t\t\t\t<\/div>\n\t\t\t\t\t<\/div>\n\t\t\t\t<\/div>\n\t\t\t\t<\/div>\n\t\t","protected":false},"excerpt":{"rendered":"<p>http:\/\/cdelacontrol.ro\/app\/uploads\/2025\/04\/roche-breast-web_1.mp4 Ai ajuns laC de la Control! Ai aflat de cur\u00e2nd c\u0103 diagnosticul t\u0103u este cancer? Sau cineva drag trece prin aceast\u0103 situa\u021bie? Probabil te sim\u021bi confuz, cople\u0219it, frustrat, speriat, trist sau chiar toate la un loc. Drumul pe care \u00eel ai de parcurs de acum \u00eenainte pare \u00eensp\u0103im\u00e2nt\u0103tor, dar tu ai mai mult\u0103 putere [&hellip;]<\/p>\n","protected":false},"author":1,"featured_media":0,"parent":0,"menu_order":0,"comment_status":"closed","ping_status":"closed","template":"","meta":{"footnotes":""},"class_list":["post-39","page","type-page","status-publish","hentry"],"_links":{"self":[{"href":"https:\/\/cdelacontrol.ro\/index.php\/wp-json\/wp\/v2\/pages\/39","targetHints":{"allow":["GET"]}}],"collection":[{"href":"https:\/\/cdelacontrol.ro\/index.php\/wp-json\/wp\/v2\/pages"}],"about":[{"href":"https:\/\/cdelacontrol.ro\/index.php\/wp-json\/wp\/v2\/types\/page"}],"author":[{"embeddable":true,"href":"https:\/\/cdelacontrol.ro\/index.php\/wp-json\/wp\/v2\/users\/1"}],"replies":[{"embeddable":true,"href":"https:\/\/cdelacontrol.ro\/index.php\/wp-json\/wp\/v2\/comments?post=39"}],"version-history":[{"count":130,"href":"https:\/\/cdelacontrol.ro\/index.php\/wp-json\/wp\/v2\/pages\/39\/revisions"}],"predecessor-version":[{"id":1046,"href":"https:\/\/cdelacontrol.ro\/index.php\/wp-json\/wp\/v2\/pages\/39\/revisions\/1046"}],"wp:attachment":[{"href":"https:\/\/cdelacontrol.ro\/index.php\/wp-json\/wp\/v2\/media?parent=39"}],"curies":[{"name":"wp","href":"https:\/\/api.w.org\/{rel}","templated":true}]}}